{"id":1779,"date":"2025-07-07T12:34:13","date_gmt":"2025-07-07T12:34:13","guid":{"rendered":"https:\/\/banjalukasmile.com\/product\/bleach-smile-paket-sa-lampom\/"},"modified":"2025-08-06T08:04:59","modified_gmt":"2025-08-06T08:04:59","slug":"bleach-smile-paket-sa-lampom","status":"publish","type":"product","link":"https:\/\/banjalukasmile.com\/bs\/proizvod\/bleach-smile-paket-sa-lampom\/","title":{"rendered":"BLEACH smile paket sa lampom"},"content":{"rendered":"<p>Izbjeljivanje zuba je estetski stomatolo\u0161ki zahvat kojim se posvjetljuje boja zuba. Postupak uklju\u010duje upotrebu sredstava za izbjeljivanje, naj\u010de\u0161\u0107e na bazi vodikovog peroksida ili karbamid peroksida uz upotrebu lampe, kako bi se razgradile mrlje i zubi u\u010dinili svjetlijima.<br \/>\nGratis pasta za zube. <\/p>\n<ul>\n<li class=\"contact-links\">Vi\u0161e informacija:  <a class=\"btn-call\" href=\"tel:+38766313555\"><i class=\"fas fa-phone\"><\/i><\/a><br \/>\n                <a class=\"btn-web\" href=\"https:\/\/citydentbl.com\" target=\"_blank\" rel=\"noopener\"><i class=\"fas fa-globe\"><\/i><\/a><br \/>\n                <a class=\"btn-instagram\" href=\"https:\/\/www.instagram.com\/citydentsmag\" target=\"_blank\" rel=\"noopener\"><i class=\"fab fa-instagram\"><\/i><\/a><br \/>\n<a class=\"btn-tiktok\" href=\"https:\/\/www.tiktok.com\/@city.dent\" target=\"_blank\" rel=\"noopener\"><i class=\"fab fa-tiktok\"><\/i><\/a><\/li>\n<\/ul>\n","protected":false},"excerpt":{"rendered":"<p>Izbjeljivanje zuba je estetski stomatolo\u0161ki zahvat kojim se posvjetljuje boja zuba. Postupak uklju\u010duje upotrebu sredstava za izbjeljivanje, naj\u010de\u0161\u0107e na bazi vodikovog peroksida ili karbamid peroksida uz upotrebu lampe, kako bi se razgradile mrlje i zubi u\u010dinili svjetlijima.<br \/>\nGratis pasta za zube. <\/p>\n<ul>\n<li class=\"contact-links\">Vi\u0161e informacija:  <a class=\"btn-call\" href=\"tel:+38766313555\"><i class=\"fas fa-phone\"><\/i><\/a><br \/>\n                <a class=\"btn-web\" href=\"https:\/\/citydentbl.com\" target=\"_blank\" rel=\"noopener\"><i class=\"fas fa-globe\"><\/i><\/a><br \/>\n                <a class=\"btn-instagram\" href=\"https:\/\/www.instagram.com\/citydentsmag\" target=\"_blank\" rel=\"noopener\"><i class=\"fab fa-instagram\"><\/i><\/a><br \/>\n<a class=\"btn-tiktok\" href=\"https:\/\/www.tiktok.com\/@city.dent\" target=\"_blank\" rel=\"noopener\"><i class=\"fab fa-tiktok\"><\/i><\/a><\/li>\n<\/ul>\n","protected":false},"featured_media":1109,"template":"","meta":{"site-sidebar-layout":"default","site-content-layout":"","ast-site-content-layout":"default","site-content-style":"default","site-sidebar-style":"default","ast-global-header-display":"","ast-banner-title-visibility":"","ast-main-header-display":"","ast-hfb-above-header-display":"","ast-hfb-below-header-display":"","ast-hfb-mobile-header-display":"","site-post-title":"","ast-breadcrumbs-content":"","ast-featured-img":"","footer-sml-layout":"","theme-transparent-header-meta":"default","adv-header-id-meta":"","stick-header-meta":"","header-above-stick-meta":"","header-main-stick-meta":"","header-below-stick-meta":"","astra-migrate-meta-layouts":"default","ast-page-background-enabled":"default","ast-page-background-meta":{"desktop":{"background-color":"var(--ast-global-color-5)","background-image":"","background-repeat":"repeat","background-position":"center center","background-size":"auto","background-attachment":"scroll","background-type":"","background-media":"","overlay-type":"","overlay-color":"","overlay-opacity":"","overlay-gradient":""},"tablet":{"background-color":"","background-image":"","background-repeat":"repeat","background-position":"center center","background-size":"auto","background-attachment":"scroll","background-type":"","background-media":"","overlay-type":"","overlay-color":"","overlay-opacity":"","overlay-gradient":""},"mobile":{"background-color":"","background-image":"","background-repeat":"repeat","background-position":"center center","background-size":"auto","background-attachment":"scroll","background-type":"","background-media":"","overlay-type":"","overlay-color":"","overlay-opacity":"","overlay-gradient":""}},"ast-content-background-meta":{"desktop":{"background-color":"var(--ast-global-color-4)","background-image":"","background-repeat":"repeat","background-position":"center center","background-size":"auto","background-attachment":"scroll","background-type":"","background-media":"","overlay-type":"","overlay-color":"","overlay-opacity":"","overlay-gradient":""},"tablet":{"background-color":"var(--ast-global-color-4)","background-image":"","background-repeat":"repeat","background-position":"center center","background-size":"auto","background-attachment":"scroll","background-type":"","background-media":"","overlay-type":"","overlay-color":"","overlay-opacity":"","overlay-gradient":""},"mobile":{"background-color":"var(--ast-global-color-4)","background-image":"","background-repeat":"repeat","background-position":"center center","background-size":"auto","background-attachment":"scroll","background-type":"","background-media":"","overlay-type":"","overlay-color":"","overlay-opacity":"","overlay-gradient":""}},"iawp_total_views":7},"product_brand":[],"product_cat":[40],"product_tag":[],"class_list":{"0":"post-1779","1":"product","2":"type-product","3":"status-publish","4":"has-post-thumbnail","6":"product_cat-izbjeljivanje-zuba","7":"desktop-align-left","8":"tablet-align-left","9":"mobile-align-left","11":"first","12":"instock","13":"purchasable","14":"product-type-simple"},"_links":{"self":[{"href":"https:\/\/banjalukasmile.com\/bs\/wp-json\/wp\/v2\/product\/1779","targetHints":{"allow":["GET"]}}],"collection":[{"href":"https:\/\/banjalukasmile.com\/bs\/wp-json\/wp\/v2\/product"}],"about":[{"href":"https:\/\/banjalukasmile.com\/bs\/wp-json\/wp\/v2\/types\/product"}],"wp:featuredmedia":[{"embeddable":true,"href":"https:\/\/banjalukasmile.com\/bs\/wp-json\/wp\/v2\/media\/1109"}],"wp:attachment":[{"href":"https:\/\/banjalukasmile.com\/bs\/wp-json\/wp\/v2\/media?parent=1779"}],"wp:term":[{"taxonomy":"product_brand","embeddable":true,"href":"https:\/\/banjalukasmile.com\/bs\/wp-json\/wp\/v2\/product_brand?post=1779"},{"taxonomy":"product_cat","embeddable":true,"href":"https:\/\/banjalukasmile.com\/bs\/wp-json\/wp\/v2\/product_cat?post=1779"},{"taxonomy":"product_tag","embeddable":true,"href":"https:\/\/banjalukasmile.com\/bs\/wp-json\/wp\/v2\/product_tag?post=1779"}],"curies":[{"name":"wp","href":"https:\/\/api.w.org\/{rel}","templated":true}]}}