{"id":1776,"date":"2025-07-07T12:29:50","date_gmt":"2025-07-07T12:29:50","guid":{"rendered":"https:\/\/banjalukasmile.com\/product\/aligner-smart-advantage-paket-night-white-izbjeljivanje\/"},"modified":"2025-08-06T08:06:29","modified_gmt":"2025-08-06T08:06:29","slug":"aligner-smart-advantage-paket-night-white-izbjeljivanje","status":"publish","type":"product","link":"https:\/\/banjalukasmile.com\/bs\/proizvod\/aligner-smart-advantage-paket-night-white-izbjeljivanje\/","title":{"rendered":"ALIGNER smart ADVANTAGE paket +NIGHT white izbjeljivanje"},"content":{"rendered":"<ul>\n<li>Ispravljanje zuba do 20 alajnera po vilici.<\/li>\n<li>Ukupno 40 alajnera u obe vilice.<\/li>\n<li>Ta\u010dan broj alajnera \u0107e biti odre\u0111en nakon skeniranja zuba u ordinaciji i zavr\u0161ene analize. Ako analiza poka\u017ee da je potrebno vi\u0161e alajnera nego \u0161to je uklju\u010deno u paket koji ste kupili, plati\u0107ete razliku do cijene tog paketa. Ako analiza poka\u017ee da je potrebno manje alajnera nego \u0161to je uklju\u010deno u kupljeni paket, bi\u0107e vam vra\u0107ena razlika do cijene predlo\u017eenog paketa. <\/li>\n<li>Izbjeljivanje zuba u obe vilice night white tehnikom.<\/li>\n<li>Gratis pasta za zube.<\/li>\n<li class=\"contact-links\">Vi\u0161e informacija:  <a class=\"btn-call\" href=\"tel:+38766313555\"><i class=\"fas fa-phone\"><\/i><\/a><br \/>\n                <a class=\"btn-web\" href=\"https:\/\/citydentbl.com\" target=\"_blank\" rel=\"noopener\"><i class=\"fas fa-globe\"><\/i><\/a><br \/>\n                <a class=\"btn-instagram\" href=\"https:\/\/www.instagram.com\/citydentsmag\" target=\"_blank\" rel=\"noopener\"><i class=\"fab fa-instagram\"><\/i><\/a><br \/>\n<a class=\"btn-tiktok\" href=\"https:\/\/www.tiktok.com\/@city.dent\" target=\"_blank\" rel=\"noopener\"><i class=\"fab fa-tiktok\"><\/i><\/a><\/li>\n<\/ul>\n","protected":false},"excerpt":{"rendered":"<ul>\n<li>Ispravljanje zuba do 20 alajnera po vilici.<\/li>\n<li>Ukupno 40 alajnera u obe vilice.<\/li>\n<li>Izbjeljivanje zuba u obe vilice night white tehnikom.<\/li>\n<li>Gratis pasta za zube.<\/li>\n<li class=\"contact-links\">Vi\u0161e informacija:  <a class=\"btn-call\" href=\"tel:+38766313555\"><i class=\"fas fa-phone\"><\/i><\/a><br \/>\n                <a class=\"btn-web\" href=\"https:\/\/citydentbl.com\" target=\"_blank\" rel=\"noopener\"><i class=\"fas fa-globe\"><\/i><\/a><br \/>\n                <a class=\"btn-instagram\" href=\"https:\/\/www.instagram.com\/citydentsmag\" target=\"_blank\" rel=\"noopener\"><i class=\"fab fa-instagram\"><\/i><\/a><br \/>\n<a class=\"btn-tiktok\" href=\"https:\/\/www.tiktok.com\/@city.dent\" target=\"_blank\" rel=\"noopener\"><i class=\"fab fa-tiktok\"><\/i><\/a><\/li>\n<\/ul>\n","protected":false},"featured_media":1112,"template":"","meta":{"site-sidebar-layout":"default","site-content-layout":"","ast-site-content-layout":"default","site-content-style":"default","site-sidebar-style":"default","ast-global-header-display":"","ast-banner-title-visibility":"","ast-main-header-display":"","ast-hfb-above-header-display":"","ast-hfb-below-header-display":"","ast-hfb-mobile-header-display":"","site-post-title":"","ast-breadcrumbs-content":"","ast-featured-img":"","footer-sml-layout":"","theme-transparent-header-meta":"default","adv-header-id-meta":"","stick-header-meta":"","header-above-stick-meta":"","header-main-stick-meta":"","header-below-stick-meta":"","astra-migrate-meta-layouts":"default","ast-page-background-enabled":"default","ast-page-background-meta":{"desktop":{"background-color":"var(--ast-global-color-5)","background-image":"","background-repeat":"repeat","background-position":"center center","background-size":"auto","background-attachment":"scroll","background-type":"","background-media":"","overlay-type":"","overlay-color":"","overlay-opacity":"","overlay-gradient":""},"tablet":{"background-color":"","background-image":"","background-repeat":"repeat","background-position":"center center","background-size":"auto","background-attachment":"scroll","background-type":"","background-media":"","overlay-type":"","overlay-color":"","overlay-opacity":"","overlay-gradient":""},"mobile":{"background-color":"","background-image":"","background-repeat":"repeat","background-position":"center center","background-size":"auto","background-attachment":"scroll","background-type":"","background-media":"","overlay-type":"","overlay-color":"","overlay-opacity":"","overlay-gradient":""}},"ast-content-background-meta":{"desktop":{"background-color":"var(--ast-global-color-4)","background-image":"","background-repeat":"repeat","background-position":"center center","background-size":"auto","background-attachment":"scroll","background-type":"","background-media":"","overlay-type":"","overlay-color":"","overlay-opacity":"","overlay-gradient":""},"tablet":{"background-color":"var(--ast-global-color-4)","background-image":"","background-repeat":"repeat","background-position":"center center","background-size":"auto","background-attachment":"scroll","background-type":"","background-media":"","overlay-type":"","overlay-color":"","overlay-opacity":"","overlay-gradient":""},"mobile":{"background-color":"var(--ast-global-color-4)","background-image":"","background-repeat":"repeat","background-position":"center center","background-size":"auto","background-attachment":"scroll","background-type":"","background-media":"","overlay-type":"","overlay-color":"","overlay-opacity":"","overlay-gradient":""}},"iawp_total_views":1},"product_brand":[],"product_cat":[38],"product_tag":[],"class_list":{"0":"post-1776","1":"product","2":"type-product","3":"status-publish","4":"has-post-thumbnail","6":"product_cat-aligner-bs","7":"desktop-align-left","8":"tablet-align-left","9":"mobile-align-left","11":"first","12":"instock","13":"virtual","14":"purchasable","15":"product-type-simple"},"_links":{"self":[{"href":"https:\/\/banjalukasmile.com\/bs\/wp-json\/wp\/v2\/product\/1776","targetHints":{"allow":["GET"]}}],"collection":[{"href":"https:\/\/banjalukasmile.com\/bs\/wp-json\/wp\/v2\/product"}],"about":[{"href":"https:\/\/banjalukasmile.com\/bs\/wp-json\/wp\/v2\/types\/product"}],"wp:featuredmedia":[{"embeddable":true,"href":"https:\/\/banjalukasmile.com\/bs\/wp-json\/wp\/v2\/media\/1112"}],"wp:attachment":[{"href":"https:\/\/banjalukasmile.com\/bs\/wp-json\/wp\/v2\/media?parent=1776"}],"wp:term":[{"taxonomy":"product_brand","embeddable":true,"href":"https:\/\/banjalukasmile.com\/bs\/wp-json\/wp\/v2\/product_brand?post=1776"},{"taxonomy":"product_cat","embeddable":true,"href":"https:\/\/banjalukasmile.com\/bs\/wp-json\/wp\/v2\/product_cat?post=1776"},{"taxonomy":"product_tag","embeddable":true,"href":"https:\/\/banjalukasmile.com\/bs\/wp-json\/wp\/v2\/product_tag?post=1776"}],"curies":[{"name":"wp","href":"https:\/\/api.w.org\/{rel}","templated":true}]}}