{"id":1768,"date":"2025-07-07T12:33:22","date_gmt":"2025-07-07T12:33:22","guid":{"rendered":"https:\/\/banjalukasmile.com\/product\/bleach-smile-paket-sa-folijama\/"},"modified":"2025-08-06T08:05:35","modified_gmt":"2025-08-06T08:05:35","slug":"bleach-smile-paket-sa-folijama","status":"publish","type":"product","link":"https:\/\/banjalukasmile.com\/bs\/proizvod\/bleach-smile-paket-sa-folijama\/","title":{"rendered":"BLEACH smile Paket sa folijama"},"content":{"rendered":"<p>Izbjeljivanje zuba, ili izbjeljivanje, je kozmeti\u010dki stomatolo\u0161ki postupak kojim se posvjetljuje boja zuba. Uklju\u010duje upotrebu sredstava za izbjeljivanje, koja obi\u010dno sadr\u017ee vodikov peroksid ili karbamid peroksid s folijama, kako bi se razbile mrlje i zubi izgledali svjetlije.<br \/>\nBesplatna pasta za zube uklju\u010dena je u paket. <\/p>\n<ul>\n<li class=\"contact-links\">Vi\u0161e informacija:  <a class=\"btn-call\" href=\"tel:+38766313555\"><i class=\"fas fa-phone\"><\/i><\/a><br \/>\n                <a class=\"btn-web\" href=\"https:\/\/citydentbl.com\" target=\"_blank\" rel=\"noopener\"><i class=\"fas fa-globe\"><\/i><\/a><br \/>\n                <a class=\"btn-instagram\" href=\"https:\/\/www.instagram.com\/citydentsmag\" target=\"_blank\" rel=\"noopener\"><i class=\"fab fa-instagram\"><\/i><\/a><br \/>\n<a class=\"btn-tiktok\" href=\"https:\/\/www.tiktok.com\/@city.dent\" target=\"_blank\" rel=\"noopener\"><i class=\"fab fa-tiktok\"><\/i><\/a><\/li>\n<\/ul>\n","protected":false},"excerpt":{"rendered":"<p>Izbjeljivanje zuba, ili izbjeljivanje, je kozmeti\u010dki stomatolo\u0161ki postupak kojim se posvjetljuje boja zuba. Uklju\u010duje upotrebu sredstava za izbjeljivanje, koja obi\u010dno sadr\u017ee vodikov peroksid ili karbamid peroksid s folijama, kako bi se razbile mrlje i zubi izgledali svjetlije.<br \/>\nBesplatna pasta za zube uklju\u010dena je u paket. <\/p>\n<ul>\n<li class=\"contact-links\">Vi\u0161e informacija:  <a class=\"btn-call\" href=\"tel:+38766313555\"><i class=\"fas fa-phone\"><\/i><\/a><br \/>\n                <a class=\"btn-web\" href=\"https:\/\/citydentbl.com\" target=\"_blank\" rel=\"noopener\"><i class=\"fas fa-globe\"><\/i><\/a><br \/>\n                <a class=\"btn-instagram\" href=\"https:\/\/www.instagram.com\/citydentsmag\" target=\"_blank\" rel=\"noopener\"><i class=\"fab fa-instagram\"><\/i><\/a><br \/>\n<a class=\"btn-tiktok\" href=\"https:\/\/www.tiktok.com\/@city.dent\" target=\"_blank\" rel=\"noopener\"><i class=\"fab fa-tiktok\"><\/i><\/a><\/li>\n<\/ul>\n","protected":false},"featured_media":1120,"template":"","meta":{"site-sidebar-layout":"default","site-content-layout":"","ast-site-content-layout":"default","site-content-style":"default","site-sidebar-style":"default","ast-global-header-display":"","ast-banner-title-visibility":"","ast-main-header-display":"","ast-hfb-above-header-display":"","ast-hfb-below-header-display":"","ast-hfb-mobile-header-display":"","site-post-title":"","ast-breadcrumbs-content":"","ast-featured-img":"","footer-sml-layout":"","theme-transparent-header-meta":"default","adv-header-id-meta":"","stick-header-meta":"","header-above-stick-meta":"","header-main-stick-meta":"","header-below-stick-meta":"","astra-migrate-meta-layouts":"default","ast-page-background-enabled":"default","ast-page-background-meta":{"desktop":{"background-color":"var(--ast-global-color-5)","background-image":"","background-repeat":"repeat","background-position":"center center","background-size":"auto","background-attachment":"scroll","background-type":"","background-media":"","overlay-type":"","overlay-color":"","overlay-opacity":"","overlay-gradient":""},"tablet":{"background-color":"","background-image":"","background-repeat":"repeat","background-position":"center center","background-size":"auto","background-attachment":"scroll","background-type":"","background-media":"","overlay-type":"","overlay-color":"","overlay-opacity":"","overlay-gradient":""},"mobile":{"background-color":"","background-image":"","background-repeat":"repeat","background-position":"center center","background-size":"auto","background-attachment":"scroll","background-type":"","background-media":"","overlay-type":"","overlay-color":"","overlay-opacity":"","overlay-gradient":""}},"ast-content-background-meta":{"desktop":{"background-color":"var(--ast-global-color-4)","background-image":"","background-repeat":"repeat","background-position":"center center","background-size":"auto","background-attachment":"scroll","background-type":"","background-media":"","overlay-type":"","overlay-color":"","overlay-opacity":"","overlay-gradient":""},"tablet":{"background-color":"var(--ast-global-color-4)","background-image":"","background-repeat":"repeat","background-position":"center center","background-size":"auto","background-attachment":"scroll","background-type":"","background-media":"","overlay-type":"","overlay-color":"","overlay-opacity":"","overlay-gradient":""},"mobile":{"background-color":"var(--ast-global-color-4)","background-image":"","background-repeat":"repeat","background-position":"center center","background-size":"auto","background-attachment":"scroll","background-type":"","background-media":"","overlay-type":"","overlay-color":"","overlay-opacity":"","overlay-gradient":""}},"iawp_total_views":7},"product_brand":[],"product_cat":[40],"product_tag":[],"class_list":{"0":"post-1768","1":"product","2":"type-product","3":"status-publish","4":"has-post-thumbnail","6":"product_cat-izbjeljivanje-zuba","7":"desktop-align-left","8":"tablet-align-left","9":"mobile-align-left","11":"first","12":"instock","13":"purchasable","14":"product-type-simple"},"_links":{"self":[{"href":"https:\/\/banjalukasmile.com\/bs\/wp-json\/wp\/v2\/product\/1768","targetHints":{"allow":["GET"]}}],"collection":[{"href":"https:\/\/banjalukasmile.com\/bs\/wp-json\/wp\/v2\/product"}],"about":[{"href":"https:\/\/banjalukasmile.com\/bs\/wp-json\/wp\/v2\/types\/product"}],"wp:featuredmedia":[{"embeddable":true,"href":"https:\/\/banjalukasmile.com\/bs\/wp-json\/wp\/v2\/media\/1120"}],"wp:attachment":[{"href":"https:\/\/banjalukasmile.com\/bs\/wp-json\/wp\/v2\/media?parent=1768"}],"wp:term":[{"taxonomy":"product_brand","embeddable":true,"href":"https:\/\/banjalukasmile.com\/bs\/wp-json\/wp\/v2\/product_brand?post=1768"},{"taxonomy":"product_cat","embeddable":true,"href":"https:\/\/banjalukasmile.com\/bs\/wp-json\/wp\/v2\/product_cat?post=1768"},{"taxonomy":"product_tag","embeddable":true,"href":"https:\/\/banjalukasmile.com\/bs\/wp-json\/wp\/v2\/product_tag?post=1768"}],"curies":[{"name":"wp","href":"https:\/\/api.w.org\/{rel}","templated":true}]}}