{"id":1402,"date":"2025-07-07T12:36:04","date_gmt":"2025-07-07T12:36:04","guid":{"rendered":"https:\/\/banjalukasmile.com\/product\/hollywood-smile-bleach-sa-pro-setom-za-izbjeljivanje-zuba\/"},"modified":"2025-08-06T08:04:55","modified_gmt":"2025-08-06T08:04:55","slug":"hollywood-smile-bleach-sa-pro-setom-za-izbjeljivanje-zuba","status":"publish","type":"product","link":"https:\/\/banjalukasmile.com\/bs\/proizvod\/hollywood-smile-bleach-sa-pro-setom-za-izbjeljivanje-zuba\/","title":{"rendered":"HOLLYWOOD SMILE BLEACH sa PRO setom za izbjeljivanje zuba"},"content":{"rendered":"<p>Tvoj osmeh mo\u017ee da zablista za samo 15 minuta! Na\u0161 inovativni PRO set koristi naprednu LED tehnologiju i posebna formula za maksimalne rezultate bez iritacije.<\/p>\n<p>Uz HelloSmile PRO set za izbeljivanje, tvoj osmeh \u0107e zablistati za samo 15 minuta! Na\u0161a LED tehnologija u kombinaciji sa specijalnom formulom efikasno uklanja mrlje, ne\u017eno izbeljuje zube i ja\u010da gle\u0111 \u2013 bez bola i iritacije. Pro set nudi profesionalne rezultate iz udobnosti doma!<\/p>\n<p>Kako izbeljivanje funkcioni\u0161e?<\/p>\n<p>Specijalna formula<br \/>\nRazla\u017ee tamne pigmente i uklanja mrlje bez o\u0161te\u0107ivanja gle\u0111i. Efikasna i ne\u017ena formula daje vidljive rezultate ve\u0107 nakon jedne upotrebe.<\/p>\n<p>LED plavo svetlo<br \/>\nAktivira gel i ubrzava proces izbeljivanja. Ravnomerno prodire u gle\u0111 i pru\u017ea dugotrajan efekat bez iritacije.<\/p>\n<p>Bez peroksida<br \/>\nNe sadr\u017ei agresivne sastojke \u2013 nema bola, peckanja niti osetljivosti nakon tretmana.<\/p>\n<p>Dugotrajni rezultati<br \/>\n Efekti traju du\u017ee, a va\u0161i zubi ostaju osvje\u017eeni i za\u0161ti\u0107eni od novih mrlja.  <\/p>\n<ul>\n<li class=\"contact-links\">Vi\u0161e informacija:  <a class=\"btn-call\" href=\"tel:+38766313555\"><i class=\"fas fa-phone\"><\/i><\/a><br \/>\n                <a class=\"btn-web\" href=\"https:\/\/citydentbl.com\" target=\"_blank\" rel=\"noopener\"><i class=\"fas fa-globe\"><\/i><\/a><br \/>\n                <a class=\"btn-instagram\" href=\"https:\/\/www.instagram.com\/citydentsmag\" target=\"_blank\" rel=\"noopener\"><i class=\"fab fa-instagram\"><\/i><\/a><br \/>\n<a class=\"btn-tiktok\" href=\"https:\/\/www.tiktok.com\/@city.dent\" target=\"_blank\" rel=\"noopener\"><i class=\"fab fa-tiktok\"><\/i><\/a><\/li>\n<\/ul>\n","protected":false},"excerpt":{"rendered":"<p>Tvoj osmeh mo\u017ee da zablista za samo 15 minuta! Na\u0161 inovativni PRO set koristi naprednu LED tehnologiju i posebna formula za maksimalne rezultate bez iritacije.<\/p>\n<ul>\n<li class=\"contact-links\">Vi\u0161e informacija:  <a class=\"btn-call\" href=\"tel:+38766313555\"><i class=\"fas fa-phone\"><\/i><\/a><br \/>\n                <a class=\"btn-web\" href=\"https:\/\/citydentbl.com\" target=\"_blank\" rel=\"noopener\"><i class=\"fas fa-globe\"><\/i><\/a><br \/>\n                <a class=\"btn-instagram\" href=\"https:\/\/www.instagram.com\/citydentsmag\" target=\"_blank\" rel=\"noopener\"><i class=\"fab fa-instagram\"><\/i><\/a><br \/>\n<a class=\"btn-tiktok\" href=\"https:\/\/www.tiktok.com\/@city.dent\" target=\"_blank\" rel=\"noopener\"><i class=\"fab fa-tiktok\"><\/i><\/a><\/li>\n<\/ul>\n","protected":false},"featured_media":1083,"template":"","meta":{"site-sidebar-layout":"default","site-content-layout":"","ast-site-content-layout":"default","site-content-style":"default","site-sidebar-style":"default","ast-global-header-display":"","ast-banner-title-visibility":"","ast-main-header-display":"","ast-hfb-above-header-display":"","ast-hfb-below-header-display":"","ast-hfb-mobile-header-display":"","site-post-title":"","ast-breadcrumbs-content":"","ast-featured-img":"","footer-sml-layout":"","theme-transparent-header-meta":"default","adv-header-id-meta":"","stick-header-meta":"","header-above-stick-meta":"","header-main-stick-meta":"","header-below-stick-meta":"","astra-migrate-meta-layouts":"default","ast-page-background-enabled":"default","ast-page-background-meta":{"desktop":{"background-color":"var(--ast-global-color-5)","background-image":"","background-repeat":"repeat","background-position":"center center","background-size":"auto","background-attachment":"scroll","background-type":"","background-media":"","overlay-type":"","overlay-color":"","overlay-opacity":"","overlay-gradient":""},"tablet":{"background-color":"","background-image":"","background-repeat":"repeat","background-position":"center center","background-size":"auto","background-attachment":"scroll","background-type":"","background-media":"","overlay-type":"","overlay-color":"","overlay-opacity":"","overlay-gradient":""},"mobile":{"background-color":"","background-image":"","background-repeat":"repeat","background-position":"center center","background-size":"auto","background-attachment":"scroll","background-type":"","background-media":"","overlay-type":"","overlay-color":"","overlay-opacity":"","overlay-gradient":""}},"ast-content-background-meta":{"desktop":{"background-color":"var(--ast-global-color-4)","background-image":"","background-repeat":"repeat","background-position":"center center","background-size":"auto","background-attachment":"scroll","background-type":"","background-media":"","overlay-type":"","overlay-color":"","overlay-opacity":"","overlay-gradient":""},"tablet":{"background-color":"var(--ast-global-color-4)","background-image":"","background-repeat":"repeat","background-position":"center center","background-size":"auto","background-attachment":"scroll","background-type":"","background-media":"","overlay-type":"","overlay-color":"","overlay-opacity":"","overlay-gradient":""},"mobile":{"background-color":"var(--ast-global-color-4)","background-image":"","background-repeat":"repeat","background-position":"center center","background-size":"auto","background-attachment":"scroll","background-type":"","background-media":"","overlay-type":"","overlay-color":"","overlay-opacity":"","overlay-gradient":""}},"iawp_total_views":4},"product_brand":[],"product_cat":[40],"product_tag":[],"class_list":{"0":"post-1402","1":"product","2":"type-product","3":"status-publish","4":"has-post-thumbnail","6":"product_cat-izbjeljivanje-zuba","7":"desktop-align-left","8":"tablet-align-left","9":"mobile-align-left","11":"first","12":"instock","13":"purchasable","14":"product-type-simple"},"_links":{"self":[{"href":"https:\/\/banjalukasmile.com\/bs\/wp-json\/wp\/v2\/product\/1402","targetHints":{"allow":["GET"]}}],"collection":[{"href":"https:\/\/banjalukasmile.com\/bs\/wp-json\/wp\/v2\/product"}],"about":[{"href":"https:\/\/banjalukasmile.com\/bs\/wp-json\/wp\/v2\/types\/product"}],"wp:featuredmedia":[{"embeddable":true,"href":"https:\/\/banjalukasmile.com\/bs\/wp-json\/wp\/v2\/media\/1083"}],"wp:attachment":[{"href":"https:\/\/banjalukasmile.com\/bs\/wp-json\/wp\/v2\/media?parent=1402"}],"wp:term":[{"taxonomy":"product_brand","embeddable":true,"href":"https:\/\/banjalukasmile.com\/bs\/wp-json\/wp\/v2\/product_brand?post=1402"},{"taxonomy":"product_cat","embeddable":true,"href":"https:\/\/banjalukasmile.com\/bs\/wp-json\/wp\/v2\/product_cat?post=1402"},{"taxonomy":"product_tag","embeddable":true,"href":"https:\/\/banjalukasmile.com\/bs\/wp-json\/wp\/v2\/product_tag?post=1402"}],"curies":[{"name":"wp","href":"https:\/\/api.w.org\/{rel}","templated":true}]}}