{"id":1391,"date":"2025-07-07T12:37:32","date_gmt":"2025-07-07T12:37:32","guid":{"rendered":"https:\/\/banjalukasmile.com\/product\/hollywood-smile-bleach-sa-olovkom-za-izbeljivanje\/"},"modified":"2025-08-06T08:04:47","modified_gmt":"2025-08-06T08:04:47","slug":"hollywood-smile-bleach-sa-olovkom-za-izbeljivanje","status":"publish","type":"product","link":"https:\/\/banjalukasmile.com\/bs\/proizvod\/hollywood-smile-bleach-sa-olovkom-za-izbeljivanje\/","title":{"rendered":"HOLLYWOOD SMILE BLEACH sa olovkom za izbeljivanje"},"content":{"rendered":"<p>Olovka za izbeljivanje brzo deluje i jednostavna je za upotrebu \u2013 uz nju va\u0161 osmeh ostaje sjajan, bez iritacija. Izbelite osmeh bilo gde i u svako doba!<\/p>\n<p>Ulep\u0161aj svoj osmeh bilo kad i bilo gde uz HelloSmile olovku za izbeljivanje! Ova kompaktna olovka nanosi naprednu formulu koja ne\u017eno uklanja mrlje i poma\u017ee da osmeh bude svetliji \u2014 bez osetljivosti. Brzo, bez nereda, idealan dodatak redovnoj nezi tvojih zuba.<\/p>\n<p>Za\u0161to izabrati HelloSmile olovku za izbeljivanje?<\/p>\n<p>Brzo izbeljivanje<br \/>\nRaskida molekule tamnih pigmenata i uklanja mrlje bez o\u0161te\u0107enja gle\u0111i.<\/p>\n<p>Klini\u010dki dokazana formula<br \/>\nNapredna formula sadr\u017ei hydroxyapatite za ja\u010danje gle\u0111i dok izbeljuje.<\/p>\n<p>Bez nereda, brzo nano\u0161enje<br \/>\nBez nereda, jednostavna upotreba za blistav osmeh svaki dan.<\/p>\n<p>Sigurno za svakodnevnu upotrebu<br \/>\n Blago djelovanje bez abrazivnih efekata, idealno za redovnu upotrebu.  <\/p>\n<ul>\n<li class=\"contact-links\">Vi\u0161e informacija:  <a class=\"btn-call\" href=\"tel:+38766313555\"><i class=\"fas fa-phone\"><\/i><\/a><br \/>\n                <a class=\"btn-web\" href=\"https:\/\/citydentbl.com\" target=\"_blank\" rel=\"noopener\"><i class=\"fas fa-globe\"><\/i><\/a><br \/>\n                <a class=\"btn-instagram\" href=\"https:\/\/www.instagram.com\/citydentsmag\" target=\"_blank\" rel=\"noopener\"><i class=\"fab fa-instagram\"><\/i><\/a><br \/>\n<a class=\"btn-tiktok\" href=\"https:\/\/www.tiktok.com\/@city.dent\" target=\"_blank\" rel=\"noopener\"><i class=\"fab fa-tiktok\"><\/i><\/a><\/li>\n<\/ul>\n","protected":false},"excerpt":{"rendered":"<p>Olovka za izbeljivanje brzo deluje i jednostavna je za upotrebu \u2013 uz nju va\u0161 osmeh ostaje sjajan, bez iritacija. Izbelite osmeh bilo gde i u svako doba!<\/p>\n<ul>\n<li class=\"contact-links\">Vi\u0161e informacija:  <a class=\"btn-call\" href=\"tel:+38766313555\"><i class=\"fas fa-phone\"><\/i><\/a><br \/>\n                <a class=\"btn-web\" href=\"https:\/\/citydentbl.com\" target=\"_blank\" rel=\"noopener\"><i class=\"fas fa-globe\"><\/i><\/a><br \/>\n                <a class=\"btn-instagram\" href=\"https:\/\/www.instagram.com\/citydentsmag\" target=\"_blank\" rel=\"noopener\"><i class=\"fab fa-instagram\"><\/i><\/a><br \/>\n<a class=\"btn-tiktok\" href=\"https:\/\/www.tiktok.com\/@city.dent\" target=\"_blank\" rel=\"noopener\"><i class=\"fab fa-tiktok\"><\/i><\/a><\/li>\n<\/ul>\n","protected":false},"featured_media":1077,"template":"","meta":{"site-sidebar-layout":"default","site-content-layout":"","ast-site-content-layout":"default","site-content-style":"default","site-sidebar-style":"default","ast-global-header-display":"","ast-banner-title-visibility":"","ast-main-header-display":"","ast-hfb-above-header-display":"","ast-hfb-below-header-display":"","ast-hfb-mobile-header-display":"","site-post-title":"","ast-breadcrumbs-content":"","ast-featured-img":"","footer-sml-layout":"","theme-transparent-header-meta":"default","adv-header-id-meta":"","stick-header-meta":"","header-above-stick-meta":"","header-main-stick-meta":"","header-below-stick-meta":"","astra-migrate-meta-layouts":"default","ast-page-background-enabled":"default","ast-page-background-meta":{"desktop":{"background-color":"var(--ast-global-color-5)","background-image":"","background-repeat":"repeat","background-position":"center center","background-size":"auto","background-attachment":"scroll","background-type":"","background-media":"","overlay-type":"","overlay-color":"","overlay-opacity":"","overlay-gradient":""},"tablet":{"background-color":"","background-image":"","background-repeat":"repeat","background-position":"center center","background-size":"auto","background-attachment":"scroll","background-type":"","background-media":"","overlay-type":"","overlay-color":"","overlay-opacity":"","overlay-gradient":""},"mobile":{"background-color":"","background-image":"","background-repeat":"repeat","background-position":"center center","background-size":"auto","background-attachment":"scroll","background-type":"","background-media":"","overlay-type":"","overlay-color":"","overlay-opacity":"","overlay-gradient":""}},"ast-content-background-meta":{"desktop":{"background-color":"var(--ast-global-color-4)","background-image":"","background-repeat":"repeat","background-position":"center center","background-size":"auto","background-attachment":"scroll","background-type":"","background-media":"","overlay-type":"","overlay-color":"","overlay-opacity":"","overlay-gradient":""},"tablet":{"background-color":"var(--ast-global-color-4)","background-image":"","background-repeat":"repeat","background-position":"center center","background-size":"auto","background-attachment":"scroll","background-type":"","background-media":"","overlay-type":"","overlay-color":"","overlay-opacity":"","overlay-gradient":""},"mobile":{"background-color":"var(--ast-global-color-4)","background-image":"","background-repeat":"repeat","background-position":"center center","background-size":"auto","background-attachment":"scroll","background-type":"","background-media":"","overlay-type":"","overlay-color":"","overlay-opacity":"","overlay-gradient":""}},"iawp_total_views":1},"product_brand":[],"product_cat":[40],"product_tag":[],"class_list":{"0":"post-1391","1":"product","2":"type-product","3":"status-publish","4":"has-post-thumbnail","6":"product_cat-izbjeljivanje-zuba","7":"desktop-align-left","8":"tablet-align-left","9":"mobile-align-left","11":"first","12":"instock","13":"purchasable","14":"product-type-simple"},"_links":{"self":[{"href":"https:\/\/banjalukasmile.com\/bs\/wp-json\/wp\/v2\/product\/1391","targetHints":{"allow":["GET"]}}],"collection":[{"href":"https:\/\/banjalukasmile.com\/bs\/wp-json\/wp\/v2\/product"}],"about":[{"href":"https:\/\/banjalukasmile.com\/bs\/wp-json\/wp\/v2\/types\/product"}],"wp:featuredmedia":[{"embeddable":true,"href":"https:\/\/banjalukasmile.com\/bs\/wp-json\/wp\/v2\/media\/1077"}],"wp:attachment":[{"href":"https:\/\/banjalukasmile.com\/bs\/wp-json\/wp\/v2\/media?parent=1391"}],"wp:term":[{"taxonomy":"product_brand","embeddable":true,"href":"https:\/\/banjalukasmile.com\/bs\/wp-json\/wp\/v2\/product_brand?post=1391"},{"taxonomy":"product_cat","embeddable":true,"href":"https:\/\/banjalukasmile.com\/bs\/wp-json\/wp\/v2\/product_cat?post=1391"},{"taxonomy":"product_tag","embeddable":true,"href":"https:\/\/banjalukasmile.com\/bs\/wp-json\/wp\/v2\/product_tag?post=1391"}],"curies":[{"name":"wp","href":"https:\/\/api.w.org\/{rel}","templated":true}]}}