{"id":1388,"date":"2025-07-07T12:36:48","date_gmt":"2025-07-07T12:36:48","guid":{"rendered":"https:\/\/banjalukasmile.com\/product\/hollywood-smile-bleach-sa-ljubicastim-serumom\/"},"modified":"2025-08-06T08:04:50","modified_gmt":"2025-08-06T08:04:50","slug":"hollywood-smile-bleach-sa-ljubicastim-serumom","status":"publish","type":"product","link":"https:\/\/banjalukasmile.com\/bs\/proizvod\/hollywood-smile-bleach-sa-ljubicastim-serumom\/","title":{"rendered":"HOLLYWOOD SMILE BLEACH sa ljubi\u010dastim serumom"},"content":{"rendered":"<p>Zaboravite filtere \u2013 sa HelloSmile ljubi\u010dastim serumom rezultati su vidljivi ve\u0107 nakon prve upotrebe! Zubi izgledaju belje, osmeh sve\u017eije, a \u017euti tonovi se vizuelno neutrali\u0161u za samo nekoliko sekundi \u2013 bez iritacije, bez bola. <\/p>\n<p>HelloSmile korektor boje je inovativni serum za trenutno izbeljivanje zuba koji koristi tehnologiju korekcije boje. Ljubi\u010dasta nijansa neutrali\u0161e \u017eute tonove na zubima, pru\u017eaju\u0107i trenutan vizuelni efekat beljih zuba \u2013 bez peroksida, bola ili osetljivosti. Savr\u0161en za osve\u017eavanje osmeha pred va\u017ean doga\u0111aj ili fotografisanje!  <\/p>\n<p>Kako funkcioni\u0161e serum za izbeljivanje?<\/p>\n<p>Tehnologija korekcije boje<br \/>\nSerum koristi princip komplementarnih boja \u2013 ljubi\u010dasta nijansa neutrali\u0161e \u017eute tonove na zubima, stvaraju\u0107i vizuelno belji osmeh.<\/p>\n<p>Balansiranje pigmenata<br \/>\nLjubi\u010dasti pigmenti potiskuju \u017eu\u0107kaste tonove na gle\u0111i i pretvaraju ih u neutralnu, hladniju nijansu koja deluje belje.<\/p>\n<p>Vidljivi rezultati odmah<br \/>\nRezultati su vidljivi ve\u0107 nakon prve upotrebe \u2013 zubi izgledaju svetlije i sve\u017eije za samo 2 minuta.<\/p>\n<p>Sigurno za va\u0161u caklinu<br \/>\n Formula bez peroksida \u2013 ne izaziva osjetljivost i ne o\u0161te\u0107uje zubnu caklinu, nude\u0107i blagi, ali vidljivi u\u010dinak izbjeljivanja.  <\/p>\n<ul>\n<li class=\"contact-links\">Vi\u0161e informacija:  <a class=\"btn-call\" href=\"tel:+38766313555\"><i class=\"fas fa-phone\"><\/i><\/a><br \/>\n                <a class=\"btn-web\" href=\"https:\/\/citydentbl.com\" target=\"_blank\" rel=\"noopener\"><i class=\"fas fa-globe\"><\/i><\/a><br \/>\n                <a class=\"btn-instagram\" href=\"https:\/\/www.instagram.com\/citydentsmag\" target=\"_blank\" rel=\"noopener\"><i class=\"fab fa-instagram\"><\/i><\/a><br \/>\n<a class=\"btn-tiktok\" href=\"https:\/\/www.tiktok.com\/@city.dent\" target=\"_blank\" rel=\"noopener\"><i class=\"fab fa-tiktok\"><\/i><\/a><\/li>\n<\/ul>\n","protected":false},"excerpt":{"rendered":"<p>Zaboravite filtere \u2013 sa HelloSmile ljubi\u010dastim serumom, rezultati su vidljivi ve\u0107 nakon jedne upotrebe! Zubi izgledaju bjelje, va\u0161 osmijeh izgleda svje\u017eije, a \u017euti tonovi se vizualno neutraliziraju za samo nekoliko sekundi \u2013 bez iritacije ili boli.   <\/p>\n<ul>\n<li class=\"contact-links\">Vi\u0161e informacija:  <a class=\"btn-call\" href=\"tel:+38766313555\"><i class=\"fas fa-phone\"><\/i><\/a><br \/>\n                <a class=\"btn-web\" href=\"https:\/\/citydentbl.com\" target=\"_blank\" rel=\"noopener\"><i class=\"fas fa-globe\"><\/i><\/a><br \/>\n                <a class=\"btn-instagram\" href=\"https:\/\/www.instagram.com\/citydentsmag\" target=\"_blank\" rel=\"noopener\"><i class=\"fab fa-instagram\"><\/i><\/a><br \/>\n<a class=\"btn-tiktok\" href=\"https:\/\/www.tiktok.com\/@city.dent\" target=\"_blank\" rel=\"noopener\"><i class=\"fab fa-tiktok\"><\/i><\/a><\/li>\n<\/ul>\n","protected":false},"featured_media":1079,"template":"","meta":{"site-sidebar-layout":"default","site-content-layout":"","ast-site-content-layout":"default","site-content-style":"default","site-sidebar-style":"default","ast-global-header-display":"","ast-banner-title-visibility":"","ast-main-header-display":"","ast-hfb-above-header-display":"","ast-hfb-below-header-display":"","ast-hfb-mobile-header-display":"","site-post-title":"","ast-breadcrumbs-content":"","ast-featured-img":"","footer-sml-layout":"","theme-transparent-header-meta":"default","adv-header-id-meta":"","stick-header-meta":"","header-above-stick-meta":"","header-main-stick-meta":"","header-below-stick-meta":"","astra-migrate-meta-layouts":"default","ast-page-background-enabled":"default","ast-page-background-meta":{"desktop":{"background-color":"var(--ast-global-color-5)","background-image":"","background-repeat":"repeat","background-position":"center center","background-size":"auto","background-attachment":"scroll","background-type":"","background-media":"","overlay-type":"","overlay-color":"","overlay-opacity":"","overlay-gradient":""},"tablet":{"background-color":"","background-image":"","background-repeat":"repeat","background-position":"center center","background-size":"auto","background-attachment":"scroll","background-type":"","background-media":"","overlay-type":"","overlay-color":"","overlay-opacity":"","overlay-gradient":""},"mobile":{"background-color":"","background-image":"","background-repeat":"repeat","background-position":"center center","background-size":"auto","background-attachment":"scroll","background-type":"","background-media":"","overlay-type":"","overlay-color":"","overlay-opacity":"","overlay-gradient":""}},"ast-content-background-meta":{"desktop":{"background-color":"var(--ast-global-color-4)","background-image":"","background-repeat":"repeat","background-position":"center center","background-size":"auto","background-attachment":"scroll","background-type":"","background-media":"","overlay-type":"","overlay-color":"","overlay-opacity":"","overlay-gradient":""},"tablet":{"background-color":"var(--ast-global-color-4)","background-image":"","background-repeat":"repeat","background-position":"center center","background-size":"auto","background-attachment":"scroll","background-type":"","background-media":"","overlay-type":"","overlay-color":"","overlay-opacity":"","overlay-gradient":""},"mobile":{"background-color":"var(--ast-global-color-4)","background-image":"","background-repeat":"repeat","background-position":"center center","background-size":"auto","background-attachment":"scroll","background-type":"","background-media":"","overlay-type":"","overlay-color":"","overlay-opacity":"","overlay-gradient":""}},"iawp_total_views":6},"product_brand":[],"product_cat":[40],"product_tag":[],"class_list":{"0":"post-1388","1":"product","2":"type-product","3":"status-publish","4":"has-post-thumbnail","6":"product_cat-izbjeljivanje-zuba","7":"desktop-align-left","8":"tablet-align-left","9":"mobile-align-left","11":"first","12":"instock","13":"purchasable","14":"product-type-simple"},"_links":{"self":[{"href":"https:\/\/banjalukasmile.com\/bs\/wp-json\/wp\/v2\/product\/1388","targetHints":{"allow":["GET"]}}],"collection":[{"href":"https:\/\/banjalukasmile.com\/bs\/wp-json\/wp\/v2\/product"}],"about":[{"href":"https:\/\/banjalukasmile.com\/bs\/wp-json\/wp\/v2\/types\/product"}],"wp:featuredmedia":[{"embeddable":true,"href":"https:\/\/banjalukasmile.com\/bs\/wp-json\/wp\/v2\/media\/1079"}],"wp:attachment":[{"href":"https:\/\/banjalukasmile.com\/bs\/wp-json\/wp\/v2\/media?parent=1388"}],"wp:term":[{"taxonomy":"product_brand","embeddable":true,"href":"https:\/\/banjalukasmile.com\/bs\/wp-json\/wp\/v2\/product_brand?post=1388"},{"taxonomy":"product_cat","embeddable":true,"href":"https:\/\/banjalukasmile.com\/bs\/wp-json\/wp\/v2\/product_cat?post=1388"},{"taxonomy":"product_tag","embeddable":true,"href":"https:\/\/banjalukasmile.com\/bs\/wp-json\/wp\/v2\/product_tag?post=1388"}],"curies":[{"name":"wp","href":"https:\/\/api.w.org\/{rel}","templated":true}]}}