{"id":1379,"date":"2025-07-07T12:35:03","date_gmt":"2025-07-07T12:35:03","guid":{"rendered":"https:\/\/banjalukasmile.com\/product\/hollywood-smile-bleach-sa-aktivnim-ugljem\/"},"modified":"2025-08-06T08:04:57","modified_gmt":"2025-08-06T08:04:57","slug":"hollywood-smile-bleach-sa-aktivnim-ugljem","status":"publish","type":"product","link":"https:\/\/banjalukasmile.com\/bs\/proizvod\/hollywood-smile-bleach-sa-aktivnim-ugljem\/","title":{"rendered":"HOLLYWOOD SMILE BLEACH sa aktivnim ugljem"},"content":{"rendered":"<p>HelloSmile Aktivni Ugalj uklanja mrlje, polira gle\u0111 i \u010disti naslage \u2013 brzo. Primeti i oseti razliku ve\u0107 nakon prve upotrebe, bez peroksida, bez iritacija. <\/p>\n<p>Na\u0161a formula sa aktivnim ugljem cilja duboke promene boje i povr\u0161inske naslage, otkrivaju\u0107i \u010distiji i belji osmeh. Sadr\u017ei prirodne sastojke bogate mineralima koji ne\u017eno poliraju i ja\u010daju gle\u0111 \u2014 bez peroksida i \u0161tetnih hemikalija. <\/p>\n<p>Prednosti aktivnog uglja:<\/p>\n<p>Aktivni ugalj<br \/>\nDeluje kao magnet \u2013 privla\u010di naslage i mrlje sa zuba, bez o\u0161te\u0107ivanja gle\u0111i. Rezultati se vide ve\u0107 posle prve upotrebe. <\/p>\n<p>Prirodno poliranje<br \/>\nSitne \u010destice uglja ne\u017eno \u010diste zube, skidaju mrlje i ostavljaju zube glatkim \u2013 bez o\u0161te\u0107enja.<\/p>\n<p>Bez hemikalija<br \/>\nNe sadr\u017ei peroksid ni agresivne sastojke \u2013 bez bola, peckanja ili osetljivosti. Bezbedan za svakodnevnu upotrebu i za osetljive zube. <\/p>\n<p>Dugotrajan efekat<br \/>\nRezultati HelloSmile aktivnog uglja traju du\u017ee od standardnih proizvoda. Zubi ostaju za\u0161ti\u0107eni od novih mrlja izme\u0111u tretmana. <\/p>\n<ul>\n<li class=\"contact-links\">Vi\u0161e informacija:  <a class=\"btn-call\" href=\"tel:+38766313555\"><i class=\"fas fa-phone\"><\/i><\/a><br \/>\n                <a class=\"btn-web\" href=\"https:\/\/citydentbl.com\" target=\"_blank\" rel=\"noopener\"><i class=\"fas fa-globe\"><\/i><\/a><br \/>\n                <a class=\"btn-instagram\" href=\"https:\/\/www.instagram.com\/citydentsmag\" target=\"_blank\" rel=\"noopener\"><i class=\"fab fa-instagram\"><\/i><\/a><br \/>\n<a class=\"btn-tiktok\" href=\"https:\/\/www.tiktok.com\/@city.dent\" target=\"_blank\" rel=\"noopener\"><i class=\"fab fa-tiktok\"><\/i><\/a><\/li>\n<\/ul>\n","protected":false},"excerpt":{"rendered":"<p>HelloSmile Aktivni Ugalj uklanja mrlje, polira gle\u0111 i \u010disti naslage \u2013 brzo. Primeti i oseti razliku ve\u0107 nakon prve upotrebe, bez peroksida, bez iritacija. <\/p>\n<ul>\n<li class=\"contact-links\">Vi\u0161e informacija:  <a class=\"btn-call\" href=\"tel:+38766313555\"><i class=\"fas fa-phone\"><\/i><\/a><br \/>\n                <a class=\"btn-web\" href=\"https:\/\/citydentbl.com\" target=\"_blank\" rel=\"noopener\"><i class=\"fas fa-globe\"><\/i><\/a><br \/>\n                <a class=\"btn-instagram\" href=\"https:\/\/www.instagram.com\/citydentsmag\" target=\"_blank\" rel=\"noopener\"><i class=\"fab fa-instagram\"><\/i><\/a><br \/>\n<a class=\"btn-tiktok\" href=\"https:\/\/www.tiktok.com\/@city.dent\" target=\"_blank\" rel=\"noopener\"><i class=\"fab fa-tiktok\"><\/i><\/a><\/li>\n<\/ul>\n","protected":false},"featured_media":1122,"template":"","meta":{"site-sidebar-layout":"default","site-content-layout":"","ast-site-content-layout":"default","site-content-style":"default","site-sidebar-style":"default","ast-global-header-display":"","ast-banner-title-visibility":"","ast-main-header-display":"","ast-hfb-above-header-display":"","ast-hfb-below-header-display":"","ast-hfb-mobile-header-display":"","site-post-title":"","ast-breadcrumbs-content":"","ast-featured-img":"","footer-sml-layout":"","theme-transparent-header-meta":"default","adv-header-id-meta":"","stick-header-meta":"","header-above-stick-meta":"","header-main-stick-meta":"","header-below-stick-meta":"","astra-migrate-meta-layouts":"default","ast-page-background-enabled":"default","ast-page-background-meta":{"desktop":{"background-color":"var(--ast-global-color-5)","background-image":"","background-repeat":"repeat","background-position":"center center","background-size":"auto","background-attachment":"scroll","background-type":"","background-media":"","overlay-type":"","overlay-color":"","overlay-opacity":"","overlay-gradient":""},"tablet":{"background-color":"","background-image":"","background-repeat":"repeat","background-position":"center center","background-size":"auto","background-attachment":"scroll","background-type":"","background-media":"","overlay-type":"","overlay-color":"","overlay-opacity":"","overlay-gradient":""},"mobile":{"background-color":"","background-image":"","background-repeat":"repeat","background-position":"center center","background-size":"auto","background-attachment":"scroll","background-type":"","background-media":"","overlay-type":"","overlay-color":"","overlay-opacity":"","overlay-gradient":""}},"ast-content-background-meta":{"desktop":{"background-color":"var(--ast-global-color-4)","background-image":"","background-repeat":"repeat","background-position":"center center","background-size":"auto","background-attachment":"scroll","background-type":"","background-media":"","overlay-type":"","overlay-color":"","overlay-opacity":"","overlay-gradient":""},"tablet":{"background-color":"var(--ast-global-color-4)","background-image":"","background-repeat":"repeat","background-position":"center center","background-size":"auto","background-attachment":"scroll","background-type":"","background-media":"","overlay-type":"","overlay-color":"","overlay-opacity":"","overlay-gradient":""},"mobile":{"background-color":"var(--ast-global-color-4)","background-image":"","background-repeat":"repeat","background-position":"center center","background-size":"auto","background-attachment":"scroll","background-type":"","background-media":"","overlay-type":"","overlay-color":"","overlay-opacity":"","overlay-gradient":""}},"iawp_total_views":5},"product_brand":[],"product_cat":[40],"product_tag":[],"class_list":{"0":"post-1379","1":"product","2":"type-product","3":"status-publish","4":"has-post-thumbnail","6":"product_cat-izbjeljivanje-zuba","7":"desktop-align-left","8":"tablet-align-left","9":"mobile-align-left","11":"first","12":"instock","13":"purchasable","14":"product-type-simple"},"_links":{"self":[{"href":"https:\/\/banjalukasmile.com\/bs\/wp-json\/wp\/v2\/product\/1379","targetHints":{"allow":["GET"]}}],"collection":[{"href":"https:\/\/banjalukasmile.com\/bs\/wp-json\/wp\/v2\/product"}],"about":[{"href":"https:\/\/banjalukasmile.com\/bs\/wp-json\/wp\/v2\/types\/product"}],"wp:featuredmedia":[{"embeddable":true,"href":"https:\/\/banjalukasmile.com\/bs\/wp-json\/wp\/v2\/media\/1122"}],"wp:attachment":[{"href":"https:\/\/banjalukasmile.com\/bs\/wp-json\/wp\/v2\/media?parent=1379"}],"wp:term":[{"taxonomy":"product_brand","embeddable":true,"href":"https:\/\/banjalukasmile.com\/bs\/wp-json\/wp\/v2\/product_brand?post=1379"},{"taxonomy":"product_cat","embeddable":true,"href":"https:\/\/banjalukasmile.com\/bs\/wp-json\/wp\/v2\/product_cat?post=1379"},{"taxonomy":"product_tag","embeddable":true,"href":"https:\/\/banjalukasmile.com\/bs\/wp-json\/wp\/v2\/product_tag?post=1379"}],"curies":[{"name":"wp","href":"https:\/\/api.w.org\/{rel}","templated":true}]}}