{"id":2091,"date":"2025-07-22T07:32:48","date_gmt":"2025-07-22T07:32:48","guid":{"rendered":"https:\/\/banjalukasmile.com\/qr-code\/"},"modified":"2025-08-07T15:51:39","modified_gmt":"2025-08-07T15:51:39","slug":"qr-code","status":"publish","type":"page","link":"https:\/\/banjalukasmile.com\/bs\/qr-code\/","title":{"rendered":"QR Code"},"content":{"rendered":"\t\t<div data-elementor-type=\"wp-page\" data-elementor-id=\"2091\" class=\"elementor elementor-2091 elementor-1502\" data-elementor-post-type=\"page\">\n\t\t\t\t<div class=\"elementor-element elementor-element-0faf39f e-flex e-con-boxed e-con e-parent\" data-id=\"0faf39f\" data-element_type=\"container\" data-settings=\"{&quot;background_background&quot;:&quot;classic&quot;}\">\n\t\t\t\t\t<div class=\"e-con-inner\">\n\t\t<div class=\"elementor-element elementor-element-b6815ad e-con-full e-flex e-con e-child\" data-id=\"b6815ad\" data-element_type=\"container\" data-settings=\"{&quot;background_background&quot;:&quot;classic&quot;}\">\n\t\t<div class=\"elementor-element elementor-element-0ca4edb e-con-full e-flex e-con e-child\" data-id=\"0ca4edb\" data-element_type=\"container\">\n\t\t\t\t<div class=\"elementor-element elementor-element-abc84e6 elementor-widget__width-initial elementor-widget-mobile__width-initial elementor-widget elementor-widget-heading\" data-id=\"abc84e6\" data-element_type=\"widget\" data-widget_type=\"heading.default\">\n\t\t\t\t\t<h2 class=\"elementor-heading-title elementor-size-default\">Jo\u0161 60 sekundi vas dijeli od otkrivanja va\u0161eg novog osmijeha i pravilnog izgleda zuba<\/h2>\t\t\t\t<\/div>\n\t\t\t\t<div class=\"elementor-element elementor-element-5e33cca elementor-widget elementor-widget-image\" data-id=\"5e33cca\" data-element_type=\"widget\" data-widget_type=\"image.default\">\n\t\t\t\t\t\t\t\t\t\t\t\t<figure class=\"wp-caption\">\n\t\t\t\t\t\t\t\t\t\t<img fetchpriority=\"high\" decoding=\"async\" width=\"200\" height=\"300\" src=\"https:\/\/banjalukasmile.com\/wp-content\/uploads\/2025\/07\/unname1d-200x300.jpg\" class=\"attachment-medium size-medium wp-image-1196\" alt=\"\" srcset=\"https:\/\/banjalukasmile.com\/wp-content\/uploads\/2025\/07\/unname1d-200x300.jpg 200w, https:\/\/banjalukasmile.com\/wp-content\/uploads\/2025\/07\/unname1d-683x1024.jpg 683w, https:\/\/banjalukasmile.com\/wp-content\/uploads\/2025\/07\/unname1d-768x1152.jpg 768w, https:\/\/banjalukasmile.com\/wp-content\/uploads\/2025\/07\/unname1d-1024x1536.jpg 1024w, https:\/\/banjalukasmile.com\/wp-content\/uploads\/2025\/07\/unname1d-600x900.jpg 600w, https:\/\/banjalukasmile.com\/wp-content\/uploads\/2025\/07\/unname1d.jpg 1120w\" sizes=\"(max-width: 200px) 100vw, 200px\" \/>\t\t\t\t\t\t\t\t\t\t\t<figcaption class=\"widget-image-caption wp-caption-text\">Ovo je Va\u0161 osmijeh<\/figcaption>\n\t\t\t\t\t\t\t\t\t\t<\/figure>\n\t\t\t\t\t\t\t\t\t<\/div>\n\t\t\t\t<div class=\"elementor-element elementor-element-5620a46 elementor-widget elementor-widget-image\" data-id=\"5620a46\" data-element_type=\"widget\" data-widget_type=\"image.default\">\n\t\t\t\t\t\t\t\t\t\t\t\t<figure class=\"wp-caption\">\n\t\t\t\t\t\t\t\t\t\t<img fetchpriority=\"high\" decoding=\"async\" width=\"200\" height=\"300\" src=\"https:\/\/banjalukasmile.com\/wp-content\/uploads\/2025\/07\/unname1d-200x300.jpg\" class=\"attachment-medium size-medium wp-image-1196\" alt=\"\" srcset=\"https:\/\/banjalukasmile.com\/wp-content\/uploads\/2025\/07\/unname1d-200x300.jpg 200w, https:\/\/banjalukasmile.com\/wp-content\/uploads\/2025\/07\/unname1d-683x1024.jpg 683w, https:\/\/banjalukasmile.com\/wp-content\/uploads\/2025\/07\/unname1d-768x1152.jpg 768w, https:\/\/banjalukasmile.com\/wp-content\/uploads\/2025\/07\/unname1d-1024x1536.jpg 1024w, https:\/\/banjalukasmile.com\/wp-content\/uploads\/2025\/07\/unname1d-600x900.jpg 600w, https:\/\/banjalukasmile.com\/wp-content\/uploads\/2025\/07\/unname1d.jpg 1120w\" sizes=\"(max-width: 200px) 100vw, 200px\" \/>\t\t\t\t\t\t\t\t\t\t\t<figcaption class=\"widget-image-caption wp-caption-text\">Ovo je novi osmijeh<\/figcaption>\n\t\t\t\t\t\t\t\t\t\t<\/figure>\n\t\t\t\t\t\t\t\t\t<\/div>\n\t\t\t\t<\/div>\n\t\t<div class=\"elementor-element elementor-element-5688f65 e-grid e-con-boxed e-con e-child\" data-id=\"5688f65\" data-element_type=\"container\">\n\t\t\t\t\t<div class=\"e-con-inner\">\n\t\t\t\t<div class=\"elementor-element elementor-element-0554f14 elementor-widget elementor-widget-heading\" data-id=\"0554f14\" data-element_type=\"widget\" data-widget_type=\"heading.default\">\n\t\t\t\t\t<p class=\"elementor-heading-title elementor-size-default\">KORAK 1<\/br><\/br>\nSkenirajte QR kod kamerom telefona i zapo\u010dnite!<\/p>\t\t\t\t<\/div>\n\t\t\t\t<div class=\"elementor-element elementor-element-535ecdb elementor-widget elementor-widget-heading\" data-id=\"535ecdb\" data-element_type=\"widget\" data-widget_type=\"heading.default\">\n\t\t\t\t\t<p class=\"elementor-heading-title elementor-size-default\">KORAK 2<\/br><\/br>\nUradite selfie Va\u0161eg osmijeha<\/p>\t\t\t\t<\/div>\n\t\t\t\t<div class=\"elementor-element elementor-element-f194162 elementor-widget elementor-widget-heading\" data-id=\"f194162\" data-element_type=\"widget\" data-widget_type=\"heading.default\">\n\t\t\t\t\t<p class=\"elementor-heading-title elementor-size-default\">KORAK 3<\/br><\/br>\nSa\u010dekajte par sekundi i dobi\u0107ete Va\u0161 stari i novi osmijeh<\/p>\t\t\t\t<\/div>\n\t\t\t\t<div class=\"elementor-element elementor-element-2171c17 elementor-widget elementor-widget-heading\" data-id=\"2171c17\" data-element_type=\"widget\" data-widget_type=\"heading.default\">\n\t\t\t\t\t<p class=\"elementor-heading-title elementor-size-default\">KORAK 4<\/br><\/br>\nPopunite sva polja i besplatno po\u0161aljite na\u0161em ortodontu, koji \u0107e Vam predlo\u017eiti terapiju fiksnim aparatima ili alignerima - folijama <\/p>\t\t\t\t<\/div>\n\t\t\t\t\t<\/div>\n\t\t\t\t<\/div>\n\t\t<div class=\"elementor-element elementor-element-baa7eef e-con-full e-flex e-con e-child\" data-id=\"baa7eef\" data-element_type=\"container\">\n\t\t\t\t<div class=\"elementor-element elementor-element-30ec2cb elementor-widget elementor-widget-heading\" data-id=\"30ec2cb\" data-element_type=\"widget\" data-widget_type=\"heading.default\">\n\t\t\t\t\t<h2 class=\"elementor-heading-title elementor-size-default\">066-313-555 <\/br>\nMilana Tepi\u0107a 27<\/h2>\t\t\t\t<\/div>\n\t\t\t\t<div class=\"elementor-element elementor-element-9a08bf5 elementor-widget elementor-widget-text-editor\" data-id=\"9a08bf5\" data-element_type=\"widget\" data-widget_type=\"text-editor.default\">\n\t\t\t\t\t\t\t\t\t<p>SPECIJALISTI\u010cKI CENTAR <br>CITY DENT<\/p>\t\t\t\t\t\t\t\t<\/div>\n\t\t\t\t<div class=\"elementor-element elementor-element-6f5532c elementor-widget elementor-widget-image\" data-id=\"6f5532c\" data-element_type=\"widget\" data-widget_type=\"image.default\">\n\t\t\t\t\t\t\t\t\t\t\t\t\t\t\t<img decoding=\"async\" width=\"102\" height=\"150\" src=\"https:\/\/banjalukasmile.com\/wp-content\/uploads\/2025\/07\/negativ42.png\" class=\"attachment-thumbnail size-thumbnail wp-image-1606\" alt=\"\" \/>\t\t\t\t\t\t\t\t\t\t\t\t\t\t\t<\/div>\n\t\t\t\t<div class=\"elementor-element elementor-element-38ff9db elementor-widget elementor-widget-image\" data-id=\"38ff9db\" data-element_type=\"widget\" data-widget_type=\"image.default\">\n\t\t\t\t\t\t\t\t\t\t\t\t\t\t\t<img decoding=\"async\" width=\"150\" height=\"150\" src=\"https:\/\/banjalukasmile.com\/wp-content\/uploads\/2025\/07\/QR-CODE-3-150x150.jpg\" class=\"attachment-thumbnail size-thumbnail wp-image-1571\" alt=\"\" srcset=\"https:\/\/banjalukasmile.com\/wp-content\/uploads\/2025\/07\/QR-CODE-3-150x150.jpg 150w, https:\/\/banjalukasmile.com\/wp-content\/uploads\/2025\/07\/QR-CODE-3-300x300.jpg 300w, https:\/\/banjalukasmile.com\/wp-content\/uploads\/2025\/07\/QR-CODE-3-100x100.jpg 100w\" sizes=\"(max-width: 150px) 100vw, 150px\" \/>\t\t\t\t\t\t\t\t\t\t\t\t\t\t\t<\/div>\n\t\t\t\t<\/div>\n\t\t\t\t<\/div>\n\t\t\t\t\t<\/div>\n\t\t\t\t<\/div>\n\t\t\t\t<\/div>\n\t\t","protected":false},"excerpt":{"rendered":"<p>Jo\u0161 60 sekundi vas dijeli od otkrivanja va\u0161eg novog osmijeha i pravilnog izgleda zuba Ovo je Va\u0161 osmijeh Ovo je [&hellip;]<\/p>\n","protected":false},"author":1,"featured_media":0,"parent":0,"menu_order":0,"comment_status":"closed","ping_status":"closed","template":"","meta":{"site-sidebar-layout":"no-sidebar","site-content-layout":"","ast-site-content-layout":"full-width-container","site-content-style":"default","site-sidebar-style":"default","ast-global-header-display":"","ast-banner-title-visibility":"","ast-main-header-display":"","ast-hfb-above-header-display":"","ast-hfb-below-header-display":"","ast-hfb-mobile-header-display":"","site-post-title":"disabled","ast-breadcrumbs-content":"","ast-featured-img":"disabled","footer-sml-layout":"","theme-transparent-header-meta":"","adv-header-id-meta":"","stick-header-meta":"","header-above-stick-meta":"","header-main-stick-meta":"","header-below-stick-meta":"","astra-migrate-meta-layouts":"default","ast-page-background-enabled":"default","ast-page-background-meta":{"desktop":{"background-color":"var(--ast-global-color-5)","background-image":"","background-repeat":"repeat","background-position":"center center","background-size":"auto","background-attachment":"scroll","background-type":"","background-media":"","overlay-type":"","overlay-color":"","overlay-opacity":"","overlay-gradient":""},"tablet":{"background-color":"","background-image":"","background-repeat":"repeat","background-position":"center center","background-size":"auto","background-attachment":"scroll","background-type":"","background-media":"","overlay-type":"","overlay-color":"","overlay-opacity":"","overlay-gradient":""},"mobile":{"background-color":"","background-image":"","background-repeat":"repeat","background-position":"center center","background-size":"auto","background-attachment":"scroll","background-type":"","background-media":"","overlay-type":"","overlay-color":"","overlay-opacity":"","overlay-gradient":""}},"ast-content-background-meta":{"desktop":{"background-color":"var(--ast-global-color-4)","background-image":"","background-repeat":"repeat","background-position":"center center","background-size":"auto","background-attachment":"scroll","background-type":"","background-media":"","overlay-type":"","overlay-color":"","overlay-opacity":"","overlay-gradient":""},"tablet":{"background-color":"var(--ast-global-color-4)","background-image":"","background-repeat":"repeat","background-position":"center center","background-size":"auto","background-attachment":"scroll","background-type":"","background-media":"","overlay-type":"","overlay-color":"","overlay-opacity":"","overlay-gradient":""},"mobile":{"background-color":"var(--ast-global-color-4)","background-image":"","background-repeat":"repeat","background-position":"center center","background-size":"auto","background-attachment":"scroll","background-type":"","background-media":"","overlay-type":"","overlay-color":"","overlay-opacity":"","overlay-gradient":""}},"iawp_total_views":16,"footnotes":""},"class_list":["post-2091","page","type-page","status-publish","hentry"],"_links":{"self":[{"href":"https:\/\/banjalukasmile.com\/bs\/wp-json\/wp\/v2\/pages\/2091","targetHints":{"allow":["GET"]}}],"collection":[{"href":"https:\/\/banjalukasmile.com\/bs\/wp-json\/wp\/v2\/pages"}],"about":[{"href":"https:\/\/banjalukasmile.com\/bs\/wp-json\/wp\/v2\/types\/page"}],"author":[{"embeddable":true,"href":"https:\/\/banjalukasmile.com\/bs\/wp-json\/wp\/v2\/users\/1"}],"replies":[{"embeddable":true,"href":"https:\/\/banjalukasmile.com\/bs\/wp-json\/wp\/v2\/comments?post=2091"}],"version-history":[{"count":1,"href":"https:\/\/banjalukasmile.com\/bs\/wp-json\/wp\/v2\/pages\/2091\/revisions"}],"predecessor-version":[{"id":2092,"href":"https:\/\/banjalukasmile.com\/bs\/wp-json\/wp\/v2\/pages\/2091\/revisions\/2092"}],"wp:attachment":[{"href":"https:\/\/banjalukasmile.com\/bs\/wp-json\/wp\/v2\/media?parent=2091"}],"curies":[{"name":"wp","href":"https:\/\/api.w.org\/{rel}","templated":true}]}}