{"id":1345,"date":"2025-07-16T09:45:46","date_gmt":"2025-07-16T09:45:46","guid":{"rendered":"https:\/\/banjalukasmile.com\/politika-dostave\/"},"modified":"2025-08-01T07:47:40","modified_gmt":"2025-08-01T07:47:40","slug":"politika-dostave","status":"publish","type":"page","link":"https:\/\/banjalukasmile.com\/bs\/politika-dostave\/","title":{"rendered":"Politika dostave"},"content":{"rendered":"\t\t<div data-elementor-type=\"wp-page\" data-elementor-id=\"1345\" class=\"elementor elementor-1345 elementor-946\" data-elementor-post-type=\"page\">\n\t\t\t\t<div class=\"elementor-element elementor-element-03b469a e-flex e-con-boxed e-con e-parent\" data-id=\"03b469a\" data-element_type=\"container\">\n\t\t\t\t\t<div class=\"e-con-inner\">\n\t\t\t\t<div class=\"elementor-element elementor-element-949d1e7 elementor-widget elementor-widget-heading\" data-id=\"949d1e7\" data-element_type=\"widget\" data-widget_type=\"heading.default\">\n\t\t\t\t\t<h2 class=\"elementor-heading-title elementor-size-default\"><span style=\"color: #9802ba\">Politika<\/span> <span style=\"color: #9802ba\">dostave<\/span><\/h2>\t\t\t\t<\/div>\n\t\t<div class=\"elementor-element elementor-element-0a711a1 e-con-full e-flex e-con e-child\" data-id=\"0a711a1\" data-element_type=\"container\" data-settings=\"{&quot;background_background&quot;:&quot;classic&quot;}\">\n\t\t\t\t<div class=\"elementor-element elementor-element-d6c93fc elementor-widget elementor-widget-heading\" data-id=\"d6c93fc\" data-element_type=\"widget\" data-widget_type=\"heading.default\">\n\t\t\t\t\t<h2 class=\"elementor-heading-title elementor-size-default\">Porud\u017ebine koje se odnose na paste za zube i izbjeljiva\u010de:<\/h2>\t\t\t\t<\/div>\n\t\t\t\t<div class=\"elementor-element elementor-element-8daf1b5 elementor-widget elementor-widget-text-editor\" data-id=\"8daf1b5\" data-element_type=\"widget\" data-widget_type=\"text-editor.default\">\n\t\t\t\t\t\t\t\t\t<p>Ove porud\u017ebine se obra\u0111uju u roku od 3 do 5 radnih dana (ne ra\u010dunaju\u0107i vikende i praznike) nakon \u0161to primite imejl sa potvrdom porud\u017ebine. Dobi\u0107ete dodatno obave\u0161tenje kada va\u0161a porud\u017ebina bude poslata. <\/p><p>Za obra\u010dun tro\u0161kova dostave U BIH : Tro\u0161kovi dostave za va\u0161u porud\u017ebinu bi\u0107e obra\u010dunati i prikazani prilikom zavr\u0161etka kupovine.<\/p><p>Za obra\u010dun tro\u0161kova dostave VAN BIH , uz tro\u0161kove dostave za va\u0161u narud\u017ebu koji \u0107e biti obra\u010dunati i prikazani po zavr\u0161etku kupovine , zadr\u017eavamo pravo obra\u010dunati dodatne tro\u0161kove ,konkretno za dr\u017eavu iz koje kupujete, o \u010demu \u0107emo Vas obavjestititi<\/p><p>NAPOMENA: Nismo odgovorni za ka\u0161njenja do kojih do\u0111e od strane kurirske slu\u017ebe.<\/p>\t\t\t\t\t\t\t\t<\/div>\n\t\t\t\t<div class=\"elementor-element elementor-element-20a8e3b elementor-widget elementor-widget-heading\" data-id=\"20a8e3b\" data-element_type=\"widget\" data-widget_type=\"heading.default\">\n\t\t\t\t\t<h2 class=\"elementor-heading-title elementor-size-default\">1. Me\u0111unarodna dostava<\/h2>\t\t\t\t<\/div>\n\t\t\t\t<div class=\"elementor-element elementor-element-d58f12c elementor-widget elementor-widget-text-editor\" data-id=\"d58f12c\" data-element_type=\"widget\" data-widget_type=\"text-editor.default\">\n\t\t\t\t\t\t\t\t\t<p>Sve me\u0111unarodne porud\u017ebine se vr\u0161e preko sajta i pla\u0107aju karticom.<\/p><p>Zbog OSS regulative, vreme isporuke mo\u017ee varirati jer carina zemlje primaoca mo\u017ee privremeno zadr\u017eati paket<\/p><p>Napomena: Nismo odgovorni za ka\u0161njenja u transportu.<\/p>\t\t\t\t\t\t\t\t<\/div>\n\t\t\t\t<div class=\"elementor-element elementor-element-a1373b8 elementor-widget elementor-widget-heading\" data-id=\"a1373b8\" data-element_type=\"widget\" data-widget_type=\"heading.default\">\n\t\t\t\t\t<h2 class=\"elementor-heading-title elementor-size-default\">2. Proces porud\u017ebine<\/h2>\t\t\t\t<\/div>\n\t\t\t\t<div class=\"elementor-element elementor-element-d2f1d0a elementor-widget elementor-widget-text-editor\" data-id=\"d2f1d0a\" data-element_type=\"widget\" data-widget_type=\"text-editor.default\">\n\t\t\t\t\t\t\t\t\t<p>01. Porud\u017ebine se obra\u0111uju u roku od 1-2 radna dana. Artikli na preorderu se \u0161alju kada stignu na lager. <\/p><p>02. Nakon uspe\u0161nog kreiranja porud\u017ebine, dobi\u0107e\u0161 imejl sa svim detaljima. Ako nisi dobio\/la, proveri spam folder. <\/p><p>03. Za pitanja o porud\u017ebini pi\u0161i nam na: citydent@ymail.com. Nakon \u0161to porud\u017ebina bude poslata, izmene nisu mogu\u0107e. <\/p><p>04. Proveri adresu pa\u017eljivo. Ne snosimo odgovornost za neuspele isporuke zbog pogre\u0161no unetih podataka. Ako se paket vrati, bi\u0107e ti refundiran iznos porud\u017ebine.  <\/p>\t\t\t\t\t\t\t\t<\/div>\n\t\t\t\t<div class=\"elementor-element elementor-element-50e0319 elementor-widget elementor-widget-heading\" data-id=\"50e0319\" data-element_type=\"widget\" data-widget_type=\"heading.default\">\n\t\t\t\t\t<h2 class=\"elementor-heading-title elementor-size-default\">Porud\u017ebine koje se odnose na alignere, alignere sa izbjeljiva\u010dima, izbjeljivanje sa lampom i night white izbjeljivanje, dentalne servise+implante, filere:<\/h2>\t\t\t\t<\/div>\n\t\t\t\t<div class=\"elementor-element elementor-element-4c5a8cd elementor-widget elementor-widget-text-editor\" data-id=\"4c5a8cd\" data-element_type=\"widget\" data-widget_type=\"text-editor.default\">\n\t\t\t\t\t\t\t\t\t<p>Za ove porud\u017ebine, nakon uplate potrebno je da kontaktirate City Dent i da zaka\u017eete termin u ordinaciji. Po dolasku u ordinaciju bi\u0107e obavljen pregled, skeniranje zuba i dalji tretman uz dogovor i va\u0161u saglasnost. <\/p>\t\t\t\t\t\t\t\t<\/div>\n\t\t\t\t<\/div>\n\t\t\t\t\t<\/div>\n\t\t\t\t<\/div>\n\t\t\t\t<\/div>\n\t\t","protected":false},"excerpt":{"rendered":"<p>Politika dostave Porud\u017ebine koje se odnose na paste za zube i izbjeljiva\u010de: Ove porud\u017ebine se obra\u0111uju u roku od 3 [&hellip;]<\/p>\n","protected":false},"author":1,"featured_media":0,"parent":0,"menu_order":0,"comment_status":"closed","ping_status":"closed","template":"","meta":{"site-sidebar-layout":"no-sidebar","site-content-layout":"","ast-site-content-layout":"full-width-container","site-content-style":"default","site-sidebar-style":"default","ast-global-header-display":"","ast-banner-title-visibility":"","ast-main-header-display":"","ast-hfb-above-header-display":"","ast-hfb-below-header-display":"","ast-hfb-mobile-header-display":"","site-post-title":"disabled","ast-breadcrumbs-content":"","ast-featured-img":"disabled","footer-sml-layout":"","theme-transparent-header-meta":"","adv-header-id-meta":"","stick-header-meta":"","header-above-stick-meta":"","header-main-stick-meta":"","header-below-stick-meta":"","astra-migrate-meta-layouts":"default","ast-page-background-enabled":"default","ast-page-background-meta":{"desktop":{"background-color":"var(--ast-global-color-5)","background-image":"","background-repeat":"repeat","background-position":"center center","background-size":"auto","background-attachment":"scroll","background-type":"","background-media":"","overlay-type":"","overlay-color":"","overlay-opacity":"","overlay-gradient":""},"tablet":{"background-color":"","background-image":"","background-repeat":"repeat","background-position":"center center","background-size":"auto","background-attachment":"scroll","background-type":"","background-media":"","overlay-type":"","overlay-color":"","overlay-opacity":"","overlay-gradient":""},"mobile":{"background-color":"","background-image":"","background-repeat":"repeat","background-position":"center center","background-size":"auto","background-attachment":"scroll","background-type":"","background-media":"","overlay-type":"","overlay-color":"","overlay-opacity":"","overlay-gradient":""}},"ast-content-background-meta":{"desktop":{"background-color":"var(--ast-global-color-4)","background-image":"","background-repeat":"repeat","background-position":"center center","background-size":"auto","background-attachment":"scroll","background-type":"","background-media":"","overlay-type":"","overlay-color":"","overlay-opacity":"","overlay-gradient":""},"tablet":{"background-color":"var(--ast-global-color-4)","background-image":"","background-repeat":"repeat","background-position":"center center","background-size":"auto","background-attachment":"scroll","background-type":"","background-media":"","overlay-type":"","overlay-color":"","overlay-opacity":"","overlay-gradient":""},"mobile":{"background-color":"var(--ast-global-color-4)","background-image":"","background-repeat":"repeat","background-position":"center center","background-size":"auto","background-attachment":"scroll","background-type":"","background-media":"","overlay-type":"","overlay-color":"","overlay-opacity":"","overlay-gradient":""}},"iawp_total_views":2,"footnotes":""},"class_list":["post-1345","page","type-page","status-publish","hentry"],"_links":{"self":[{"href":"https:\/\/banjalukasmile.com\/bs\/wp-json\/wp\/v2\/pages\/1345","targetHints":{"allow":["GET"]}}],"collection":[{"href":"https:\/\/banjalukasmile.com\/bs\/wp-json\/wp\/v2\/pages"}],"about":[{"href":"https:\/\/banjalukasmile.com\/bs\/wp-json\/wp\/v2\/types\/page"}],"author":[{"embeddable":true,"href":"https:\/\/banjalukasmile.com\/bs\/wp-json\/wp\/v2\/users\/1"}],"replies":[{"embeddable":true,"href":"https:\/\/banjalukasmile.com\/bs\/wp-json\/wp\/v2\/comments?post=1345"}],"version-history":[{"count":9,"href":"https:\/\/banjalukasmile.com\/bs\/wp-json\/wp\/v2\/pages\/1345\/revisions"}],"predecessor-version":[{"id":2044,"href":"https:\/\/banjalukasmile.com\/bs\/wp-json\/wp\/v2\/pages\/1345\/revisions\/2044"}],"wp:attachment":[{"href":"https:\/\/banjalukasmile.com\/bs\/wp-json\/wp\/v2\/media?parent=1345"}],"curies":[{"name":"wp","href":"https:\/\/api.w.org\/{rel}","templated":true}]}}