{"id":1320,"date":"2025-07-16T09:31:26","date_gmt":"2025-07-16T09:31:26","guid":{"rendered":"https:\/\/banjalukasmile.com\/politika-privatnosti\/"},"modified":"2025-07-21T09:57:01","modified_gmt":"2025-07-21T09:57:01","slug":"politika-privatnosti","status":"publish","type":"page","link":"https:\/\/banjalukasmile.com\/bs\/politika-privatnosti\/","title":{"rendered":"Politika privatnosti"},"content":{"rendered":"\t\t<div data-elementor-type=\"wp-page\" data-elementor-id=\"1320\" class=\"elementor elementor-1320 elementor-926\" data-elementor-post-type=\"page\">\n\t\t\t\t<div class=\"elementor-element elementor-element-3316f9f e-flex e-con-boxed e-con e-parent\" data-id=\"3316f9f\" data-element_type=\"container\">\n\t\t\t\t\t<div class=\"e-con-inner\">\n\t\t\t\t<div class=\"elementor-element elementor-element-c64005f elementor-widget elementor-widget-heading\" data-id=\"c64005f\" data-element_type=\"widget\" data-widget_type=\"heading.default\">\n\t\t\t\t\t<h2 class=\"elementor-heading-title elementor-size-default\"><span style=\"color: #9802ba\">Politika<\/span> <span style=\"color: #9802ba\">privatnosti<\/span><\/h2>\t\t\t\t<\/div>\n\t\t\t\t<div class=\"elementor-element elementor-element-ba28a37 elementor-widget elementor-widget-text-editor\" data-id=\"ba28a37\" data-element_type=\"widget\" data-widget_type=\"text-editor.default\">\n\t\t\t\t\t\t\t\t\t<p>Ova politika privatnosti opisuje kako prikupljamo, koristimo i delimo va\u0161e li\u010dne podatke kada posetite ili kupujete putem na\u0161eg sajta.<\/p>\t\t\t\t\t\t\t\t<\/div>\n\t\t\t\t<div class=\"elementor-element elementor-element-d1c3f99 elementor-widget-divider--view-line elementor-widget elementor-widget-divider\" data-id=\"d1c3f99\" data-element_type=\"widget\" data-widget_type=\"divider.default\">\n\t\t\t\t\t\t\t<div class=\"elementor-divider\">\n\t\t\t<span class=\"elementor-divider-separator\">\n\t\t\t\t\t\t<\/span>\n\t\t<\/div>\n\t\t\t\t\t\t<\/div>\n\t\t<div class=\"elementor-element elementor-element-5dfc16a e-con-full e-flex e-con e-child\" data-id=\"5dfc16a\" data-element_type=\"container\" data-settings=\"{&quot;background_background&quot;:&quot;classic&quot;}\">\n\t\t\t\t<div class=\"elementor-element elementor-element-e533fcc elementor-widget elementor-widget-heading\" data-id=\"e533fcc\" data-element_type=\"widget\" data-widget_type=\"heading.default\">\n\t\t\t\t\t<h2 class=\"elementor-heading-title elementor-size-default\">1. Kontakt<\/h2>\t\t\t\t<\/div>\n\t\t\t\t<div class=\"elementor-element elementor-element-717089b elementor-widget elementor-widget-text-editor\" data-id=\"717089b\" data-element_type=\"widget\" data-widget_type=\"text-editor.default\">\n\t\t\t\t\t\t\t\t\t<p>Ako imate dodatna pitanja, \u017eelite vi\u0161e informacija o na\u0161im praksama privatnosti ili \u017eelite da podnesete \u017ealbu, kontaktirajte nas putem mejla na: <strong data-start=\"370\" data-end=\"380\">citydent@ymail.com<\/strong><\/p>\t\t\t\t\t\t\t\t<\/div>\n\t\t\t\t<div class=\"elementor-element elementor-element-791cb33 elementor-widget elementor-widget-heading\" data-id=\"791cb33\" data-element_type=\"widget\" data-widget_type=\"heading.default\">\n\t\t\t\t\t<h2 class=\"elementor-heading-title elementor-size-default\">2. Prikupljanje li\u010dnih podataka<\/h2>\t\t\t\t<\/div>\n\t\t\t\t<div class=\"elementor-element elementor-element-462d619 elementor-widget elementor-widget-text-editor\" data-id=\"462d619\" data-element_type=\"widget\" data-widget_type=\"text-editor.default\">\n\t\t\t\t\t\t\t\t\t<div class=\"gkuLSVy7OW \"><div class=\"gp-flex\"><div class=\"[&amp;_p]:gp-inline [&amp;_p]:after:gp-whitespace-pre-wrap [&amp;_p]:after:gp-content-['\\A'] gp-text\" data-gp-text=\"\"><p>Kada posetite na\u0161 sajt, prikupljamo odre\u0111ene informacije o va\u0161em ure\u0111aju, interakciji sa sajtom i podatke potrebne za obradu va\u0161e kupovine. Tako\u0111e, mo\u017eemo prikupiti dodatne informacije ukoliko nas kontaktirate radi podr\u0161ke korisnicima. <br><strong data-start=\"662\" data-end=\"679\">Li\u010dni podaci<\/strong> odnose se na sve informacije koje se mogu povezati s odre\u0111enom osobom.<\/p><p><strong>I \u2013 Podaci o ure\u0111aju<\/strong><\/p><ul><li><strong data-start=\"788\" data-end=\"800\">Svrha:<\/strong> U\u010ditavanje sajta i analitika radi optimizacije<\/li><li><strong data-start=\"849\" data-end=\"860\">Izvor:<\/strong> Automatski prikupljeno putem kola\u010di\u0107a, log fajlova, oznaka i piksela<\/li><li><strong data-start=\"930\" data-end=\"942\">Deljenje:<\/strong> sa WooCommerce-om<\/li><li><strong data-start=\"963\" data-end=\"982\">Prikupljeni podaci:<\/strong> Verzija pregleda\u010da, IP adresa, vremenska zona, informacije o kola\u010di\u0107ima, posete stranicama\/proizvodima, pretrage, interakcije<\/li><\/ul><p><strong>II \u2013 Podaci o narud\u017ebini<\/strong><\/p><\/div><\/div><div class=\"gp-flex\"><div class=\"[&amp;_p]:gp-inline [&amp;_p]:after:gp-whitespace-pre-wrap [&amp;_p]:after:gp-content-['\\A'] gp-text\" data-gp-text=\"\"><ul><li><strong data-start=\"1118\" data-end=\"1130\">Svrha:<\/strong> Obrada pla\u0107anja, dostava, fakture, komunikacija, prevencija prevare<\/li><li><strong data-start=\"1208\" data-end=\"1219\">Izvor:<\/strong> Direktno od vas<\/li><li><strong data-start=\"1242\" data-end=\"1254\">Deljenje:<\/strong> sa WooCommerce-om<\/li><li><strong data-start=\"1275\" data-end=\"1294\">Prikupljeni podaci:<\/strong> Ime, adresa za naplatu i isporuku, e-mail, broj telefona, podaci o pla\u0107anju<\/li><\/ul><p><strong>III \u2013 Podr\u0161ka korisnicima<\/strong><\/p><ul><li><strong data-start=\"1400\" data-end=\"1412\">Svrha:<\/strong> Davanje podr\u0161ke<\/li><li><strong data-start=\"1436\" data-end=\"1447\">Izvor:<\/strong> Direktno od vas<\/li><\/ul><p>Maloletna lica<\/p><p>Sajt nije namenjen osobama mla\u0111im od 13 godina. Ako ste roditelj ili staratelj i smatrate da nam je dete poslalo li\u010dne podatke, kontaktirajte nas radi brisanja. <\/p><\/div><\/div><\/div>\t\t\t\t\t\t\t\t<\/div>\n\t\t\t\t<div class=\"elementor-element elementor-element-f374884 elementor-widget elementor-widget-heading\" data-id=\"f374884\" data-element_type=\"widget\" data-widget_type=\"heading.default\">\n\t\t\t\t\t<h2 class=\"elementor-heading-title elementor-size-default\">3. Deljenje li\u010dnih podataka<\/h2>\t\t\t\t<\/div>\n\t\t\t\t<div class=\"elementor-element elementor-element-e0772f9 elementor-widget elementor-widget-text-editor\" data-id=\"e0772f9\" data-element_type=\"widget\" data-widget_type=\"text-editor.default\">\n\t\t\t\t\t\t\t\t\t<div class=\"gcBF4ZSkfI \"><div class=\"gp-flex\"><div class=\"[&amp;_p]:gp-inline [&amp;_p]:after:gp-whitespace-pre-wrap [&amp;_p]:after:gp-content-['\\A'] gp-text\" data-gp-text=\"\"><p>Delimo podatke sa pru\u017eaocima usluga kako bismo ispunili ugovorne obaveze. Na primer: <br><strong data-start=\"1812\" data-end=\"1827\">WooCommerce<\/strong> pru\u017ea platformu za e-trgovinu. Vi\u0161e o njihovoj politici: <em data-start=\"1893\" data-end=\"1914\">WooCommerce Privacy<\/em> <\/p><p>Tako\u0111e, mo\u017eemo podeliti podatke ukoliko to nala\u017ee zakon ili pravni zahtev.<\/p><\/div><\/div><\/div>\t\t\t\t\t\t\t\t<\/div>\n\t\t\t\t<div class=\"elementor-element elementor-element-ca49d77 elementor-widget elementor-widget-heading\" data-id=\"ca49d77\" data-element_type=\"widget\" data-widget_type=\"heading.default\">\n\t\t\t\t\t<h2 class=\"elementor-heading-title elementor-size-default\">4. Ogla\u0161avanje<\/h2>\t\t\t\t<\/div>\n\t\t\t\t<div class=\"elementor-element elementor-element-9ff8b8f elementor-widget elementor-widget-text-editor\" data-id=\"9ff8b8f\" data-element_type=\"widget\" data-widget_type=\"text-editor.default\">\n\t\t\t\t\t\t\t\t\t<div class=\"gl_1xZtBQa \"><div class=\"gp-flex\"><div class=\"[&amp;_p]:gp-inline [&amp;_p]:after:gp-whitespace-pre-wrap [&amp;_p]:after:gp-content-['\\A'] gp-text\" data-gp-text=\"\"><p>Koristimo va\u0161e podatke da bismo prikazali ciljane reklame za koje verujemo da vas interesuju. Na primer: <\/p><p><strong data-start=\"2108\" data-end=\"2128\">Google Analytics<\/strong> nam poma\u017ee da razumemo kako koristite sajt. Detalji: <em data-start=\"2180\" data-end=\"2196\">Google Privacy<\/em> <\/p><p>Delimo informacije sa partnerima za ogla\u0161avanje i putem kola\u010di\u0107a.<\/p><p>Mo\u017eete isklju\u010diti ciljanje putem:<\/p><p><a href=\"https:\/\/optout.aboutads.info\"><u>Facebook: https:\/\/www.facebook.com\/settings\/?tab=ads<\/u><\/a><\/p><p><a href=\"https:\/\/optout.aboutads.info\"><u>Google: https:\/\/www.google.com\/settings\/ads\/anonymous<\/u><\/a><\/p><p><a href=\"https:\/\/optout.aboutads.info\"><u>Bing: https:\/\/advertise.bingads.microsoft.com\/en-us\/resources\/policies\/personalized-ads<\/u><\/a><\/p><p><a href=\"https:\/\/optout.aboutads.info\"><u>General opt-out: https:\/\/optout.aboutads.infohttps:\/\/optout.aboutads.info<\/u><\/a><\/p><\/div><\/div><\/div>\t\t\t\t\t\t\t\t<\/div>\n\t\t\t\t<div class=\"elementor-element elementor-element-cb27cca elementor-widget elementor-widget-heading\" data-id=\"cb27cca\" data-element_type=\"widget\" data-widget_type=\"heading.default\">\n\t\t\t\t\t<h2 class=\"elementor-heading-title elementor-size-default\">5.Kori\u0161\u0107enje li\u010dnih podataka<\/h2>\t\t\t\t<\/div>\n\t\t\t\t<div class=\"elementor-element elementor-element-31828c4 elementor-widget elementor-widget-text-editor\" data-id=\"31828c4\" data-element_type=\"widget\" data-widget_type=\"text-editor.default\">\n\t\t\t\t\t\t\t\t\t<div class=\"gcBF4ZSkfI \"><div class=\"gp-flex\"><div class=\"[&amp;_p]:gp-inline [&amp;_p]:after:gp-whitespace-pre-wrap [&amp;_p]:after:gp-content-['\\A'] gp-text\" data-gp-text=\"\"><div class=\"gFyAq7Ur_J \"><div class=\"gp-flex\"><div class=\"[&amp;_p]:gp-inline [&amp;_p]:after:gp-whitespace-pre-wrap [&amp;_p]:after:gp-content-['\\A'] gp-text\" data-gp-text=\"\"><p>Va\u0161e podatke koristimo za pru\u017eanje usluga: ponuda proizvoda, obrada pla\u0107anja, dostava, obave\u0161tenja o novostima i promocijama.<\/p><p><strong>Pravna osnova (GDPR)<\/strong><\/p><p>Ako ste iz EEA, va\u0161i podaci se obra\u0111uju na osnovu:<\/p><ul><li>Va\u0161e saglasnosti<\/li><li>Ugovorne obaveze<\/li><li>Zakonskih obaveza<\/li><li>Na\u0161ih legitimnih interesa koji ne ugro\u017eavaju va\u0161a prava<\/li><\/ul><p>Zadr\u017eavanje podataka<\/p><p>Podaci se \u010duvaju dok ne zatra\u017eite brisanje.<\/p><p>Automatizovane odluke<\/p><p>WooCommerce koristi ograni\u010denu automatizaciju u svrhu prevencije prevara (npr. IP lista). <strong data-start=\"3246\" data-end=\"3253\">Ne<\/strong> donosimo odluke koje imaju pravne posledice na osnovu automatizacije. <\/p><\/div><\/div><\/div><\/div><\/div><\/div>\t\t\t\t\t\t\t\t<\/div>\n\t\t\t\t<div class=\"elementor-element elementor-element-32fd341 elementor-widget elementor-widget-heading\" data-id=\"32fd341\" data-element_type=\"widget\" data-widget_type=\"heading.default\">\n\t\t\t\t\t<h2 class=\"elementor-heading-title elementor-size-default\">Prodaja li\u010dnih podataka<\/h2>\t\t\t\t<\/div>\n\t\t\t\t<div class=\"elementor-element elementor-element-8a7b350 elementor-widget elementor-widget-text-editor\" data-id=\"8a7b350\" data-element_type=\"widget\" data-widget_type=\"text-editor.default\">\n\t\t\t\t\t\t\t\t\t<div class=\"gcBF4ZSkfI \"><div class=\"gp-flex\"><div class=\"[&amp;_p]:gp-inline [&amp;_p]:after:gp-whitespace-pre-wrap [&amp;_p]:after:gp-content-['\\A'] gp-text\" data-gp-text=\"\"><div class=\"gFyAq7Ur_J \"><div class=\"gp-flex\"><div class=\"[&amp;_p]:gp-inline [&amp;_p]:after:gp-whitespace-pre-wrap [&amp;_p]:after:gp-content-['\\A'] gp-text\" data-gp-text=\"\">Na\u0161 sajt prodaje li\u010dne podatke u skladu sa <strong data-start=\"3414\" data-end=\"3456\">CCPA (Kalifornijski zakon o privatnosti potro\u0161a\u010da).<\/strong><\/div><\/div><\/div><\/div><\/div><\/div>\t\t\t\t\t\t\t\t<\/div>\n\t\t\t\t<div class=\"elementor-element elementor-element-e72f344 elementor-widget elementor-widget-heading\" data-id=\"e72f344\" data-element_type=\"widget\" data-widget_type=\"heading.default\">\n\t\t\t\t\t<h2 class=\"elementor-heading-title elementor-size-default\">7. Va\u0161a prava<\/h2>\t\t\t\t<\/div>\n\t\t\t\t<div class=\"elementor-element elementor-element-7b4c6cc elementor-widget elementor-widget-text-editor\" data-id=\"7b4c6cc\" data-element_type=\"widget\" data-widget_type=\"text-editor.default\">\n\t\t\t\t\t\t\t\t\t<div class=\"gcBF4ZSkfI \"><div class=\"gp-flex\"><div class=\"[&amp;_p]:gp-inline [&amp;_p]:after:gp-whitespace-pre-wrap [&amp;_p]:after:gp-content-['\\A'] gp-text\" data-gp-text=\"\"><div class=\"gFyAq7Ur_J \"><div class=\"gp-flex\"><div class=\"[&amp;_p]:gp-inline [&amp;_p]:after:gp-whitespace-pre-wrap [&amp;_p]:after:gp-content-['\\A'] gp-text\" data-gp-text=\"\"><div class=\"gIhX4YcuJi \"><div class=\"gp-flex\"><div class=\"[&amp;_p]:gp-inline [&amp;_p]:after:gp-whitespace-pre-wrap [&amp;_p]:after:gp-content-['\\A'] gp-text\" data-gp-text=\"\"><p>GDPR:<\/p><p>Imate pravo pristupa, izmjene ili brisanja va\u0161ih li\u010dnih podataka. Podaci se prvo obra\u0111uju u <strong data-start=\"3611\" data-end=\"3622\">Irskoj<\/strong> , a zatim prenose u <strong data-start=\"3648\" data-end=\"3666\">SAD i Kanadu<\/strong> . Vi\u0161e informacija: <em data-start=\"3679\" data-end=\"3697\">WooCommerce GDPR<\/em>  <\/p><p>CCPA <\/p><p>Imate pravo na pristup, izmenu, brisanje i prenos podataka. Mo\u017eete ovlastiti agenta da podnese zahtev u va\u0161e ime. <\/p><\/div><\/div><\/div><\/div><\/div><\/div><\/div><\/div><\/div>\t\t\t\t\t\t\t\t<\/div>\n\t\t\t\t<div class=\"elementor-element elementor-element-76bf56b elementor-widget elementor-widget-heading\" data-id=\"76bf56b\" data-element_type=\"widget\" data-widget_type=\"heading.default\">\n\t\t\t\t\t<h2 class=\"elementor-heading-title elementor-size-default\">8. Kola\u010di\u0107i<\/h2>\t\t\t\t<\/div>\n\t\t\t\t<div class=\"elementor-element elementor-element-6a6060d elementor-widget elementor-widget-text-editor\" data-id=\"6a6060d\" data-element_type=\"widget\" data-widget_type=\"text-editor.default\">\n\t\t\t\t\t\t\t\t\t<p data-start=\"3899\" data-end=\"4051\">Kola\u010di\u0107i su male datoteke koje sajt koristi da bi zapamtio va\u0161e izbore i pobolj\u0161ao iskustvo. Koristimo funkcionalne, analiti\u010dke i marketin\u0161ke kola\u010di\u0107e. <\/p><p data-start=\"4053\" data-end=\"4085\">Vi\u0161e informacija: <em data-start=\"4064\" data-end=\"4085\">WooCommerce Cookies<\/em><\/p><p data-start=\"4087\" data-end=\"4165\">Ve\u0107ina kola\u010di\u0107a koje koristimo su <strong data-start=\"4111\" data-end=\"4125\">\u201cpersistent\u201d<\/strong> i traju od 30 minuta do 2 godine.<\/p><p data-start=\"4167\" data-end=\"4284\">Mo\u017eete kontrolisati kola\u010di\u0107e putem pode\u0161avanja pregleda\u010da ili na sajtu <a class=\"\" href=\"http:\/\/www.allaboutcookies.org\" target=\"_new\" rel=\"noopener\" data-start=\"4227\" data-end=\"4284\">www.allaboutcookies.org.<\/a><\/p><p data-start=\"4286\" data-end=\"4381\"><strong data-start=\"4286\" data-end=\"4295\">Napomena:<\/strong> \u010dak i ako isklju\u010dite kola\u010di\u0107e, neke informacije mogu biti deljene s tre\u0107im stranama.<\/p><p data-start=\"4286\" data-end=\"4381\">Do not track<\/p><p data-start=\"4286\" data-end=\"4381\">Trenutno ne reagujemo na \u201cDo Not Track\u201d signale jer ne postoji univerzalan standard za njihovu obradu.<\/p><p data-start=\"4286\" data-end=\"4381\"> <\/p>\t\t\t\t\t\t\t\t<\/div>\n\t\t\t\t<div class=\"elementor-element elementor-element-f901ccd elementor-widget elementor-widget-heading\" data-id=\"f901ccd\" data-element_type=\"widget\" data-widget_type=\"heading.default\">\n\t\t\t\t\t<h2 class=\"elementor-heading-title elementor-size-default\">9.Izmene<\/h2>\t\t\t\t<\/div>\n\t\t\t\t<div class=\"elementor-element elementor-element-536ad89 elementor-widget elementor-widget-text-editor\" data-id=\"536ad89\" data-element_type=\"widget\" data-widget_type=\"text-editor.default\">\n\t\t\t\t\t\t\t\t\t<p>Ova politika mo\u017ee se povremeno menjati kako bi odra\u017eavala promene u zakonima ili praksi.<\/p>\t\t\t\t\t\t\t\t<\/div>\n\t\t\t\t<div class=\"elementor-element elementor-element-37bec37 elementor-widget elementor-widget-heading\" data-id=\"37bec37\" data-element_type=\"widget\" data-widget_type=\"heading.default\">\n\t\t\t\t\t<h2 class=\"elementor-heading-title elementor-size-default\">10.Prigovori<\/h2>\t\t\t\t<\/div>\n\t\t\t\t<div class=\"elementor-element elementor-element-971174a elementor-widget elementor-widget-text-editor\" data-id=\"971174a\" data-element_type=\"widget\" data-widget_type=\"text-editor.default\">\n\t\t\t\t\t\t\t\t\t<p>Ako imate \u017ealbu, kontaktirajte nas putem e-maila: <strong data-start=\"4694\" data-end=\"4716\"><a class=\"cursor-pointer\" rel=\"noopener\" data-start=\"4696\" data-end=\"4714\">citydent@ymail.com<\/a><\/strong><br data-start=\"4716\" data-end=\"4719\">Ako niste zadovoljni na\u0161im odgovorom, imate pravo da podnesete \u017ealbu lokalnom organu za za\u0161titu podataka.<\/p>\t\t\t\t\t\t\t\t<\/div>\n\t\t\t\t<\/div>\n\t\t\t\t\t<\/div>\n\t\t\t\t<\/div>\n\t\t\t\t<\/div>\n\t\t","protected":false},"excerpt":{"rendered":"<p>Politika privatnosti Ova politika privatnosti opisuje kako prikupljamo, koristimo i delimo va\u0161e li\u010dne podatke kada posetite ili kupujete putem na\u0161eg [&hellip;]<\/p>\n","protected":false},"author":1,"featured_media":0,"parent":0,"menu_order":0,"comment_status":"closed","ping_status":"closed","template":"","meta":{"site-sidebar-layout":"no-sidebar","site-content-layout":"","ast-site-content-layout":"full-width-container","site-content-style":"default","site-sidebar-style":"default","ast-global-header-display":"","ast-banner-title-visibility":"","ast-main-header-display":"","ast-hfb-above-header-display":"","ast-hfb-below-header-display":"","ast-hfb-mobile-header-display":"","site-post-title":"disabled","ast-breadcrumbs-content":"","ast-featured-img":"disabled","footer-sml-layout":"","theme-transparent-header-meta":"","adv-header-id-meta":"","stick-header-meta":"","header-above-stick-meta":"","header-main-stick-meta":"","header-below-stick-meta":"","astra-migrate-meta-layouts":"default","ast-page-background-enabled":"default","ast-page-background-meta":{"desktop":{"background-color":"var(--ast-global-color-5)","background-image":"","background-repeat":"repeat","background-position":"center center","background-size":"auto","background-attachment":"scroll","background-type":"","background-media":"","overlay-type":"","overlay-color":"","overlay-opacity":"","overlay-gradient":""},"tablet":{"background-color":"","background-image":"","background-repeat":"repeat","background-position":"center center","background-size":"auto","background-attachment":"scroll","background-type":"","background-media":"","overlay-type":"","overlay-color":"","overlay-opacity":"","overlay-gradient":""},"mobile":{"background-color":"","background-image":"","background-repeat":"repeat","background-position":"center center","background-size":"auto","background-attachment":"scroll","background-type":"","background-media":"","overlay-type":"","overlay-color":"","overlay-opacity":"","overlay-gradient":""}},"ast-content-background-meta":{"desktop":{"background-color":"var(--ast-global-color-4)","background-image":"","background-repeat":"repeat","background-position":"center center","background-size":"auto","background-attachment":"scroll","background-type":"","background-media":"","overlay-type":"","overlay-color":"","overlay-opacity":"","overlay-gradient":""},"tablet":{"background-color":"var(--ast-global-color-4)","background-image":"","background-repeat":"repeat","background-position":"center center","background-size":"auto","background-attachment":"scroll","background-type":"","background-media":"","overlay-type":"","overlay-color":"","overlay-opacity":"","overlay-gradient":""},"mobile":{"background-color":"var(--ast-global-color-4)","background-image":"","background-repeat":"repeat","background-position":"center center","background-size":"auto","background-attachment":"scroll","background-type":"","background-media":"","overlay-type":"","overlay-color":"","overlay-opacity":"","overlay-gradient":""}},"iawp_total_views":0,"footnotes":""},"class_list":["post-1320","page","type-page","status-publish","hentry"],"_links":{"self":[{"href":"https:\/\/banjalukasmile.com\/bs\/wp-json\/wp\/v2\/pages\/1320","targetHints":{"allow":["GET"]}}],"collection":[{"href":"https:\/\/banjalukasmile.com\/bs\/wp-json\/wp\/v2\/pages"}],"about":[{"href":"https:\/\/banjalukasmile.com\/bs\/wp-json\/wp\/v2\/types\/page"}],"author":[{"embeddable":true,"href":"https:\/\/banjalukasmile.com\/bs\/wp-json\/wp\/v2\/users\/1"}],"replies":[{"embeddable":true,"href":"https:\/\/banjalukasmile.com\/bs\/wp-json\/wp\/v2\/comments?post=1320"}],"version-history":[{"count":7,"href":"https:\/\/banjalukasmile.com\/bs\/wp-json\/wp\/v2\/pages\/1320\/revisions"}],"predecessor-version":[{"id":1433,"href":"https:\/\/banjalukasmile.com\/bs\/wp-json\/wp\/v2\/pages\/1320\/revisions\/1433"}],"wp:attachment":[{"href":"https:\/\/banjalukasmile.com\/bs\/wp-json\/wp\/v2\/media?parent=1320"}],"curies":[{"name":"wp","href":"https:\/\/api.w.org\/{rel}","templated":true}]}}