{"id":1130,"date":"2025-07-04T10:43:24","date_gmt":"2025-07-04T10:43:24","guid":{"rendered":"https:\/\/banjalukasmile.com\/o-nama\/"},"modified":"2025-08-01T07:57:05","modified_gmt":"2025-08-01T07:57:05","slug":"o-nama","status":"publish","type":"page","link":"https:\/\/banjalukasmile.com\/bs\/o-nama\/","title":{"rendered":"O nama"},"content":{"rendered":"\t\t<div data-elementor-type=\"wp-page\" data-elementor-id=\"1130\" class=\"elementor elementor-1130 elementor-8\" data-elementor-post-type=\"page\">\n\t\t\t\t<div class=\"elementor-element elementor-element-02a5c0b e-flex e-con-boxed e-con e-parent\" data-id=\"02a5c0b\" data-element_type=\"container\">\n\t\t\t\t\t<div class=\"e-con-inner\">\n\t\t\t\t<div class=\"elementor-element elementor-element-dc75d9e elementor-widget elementor-widget-heading\" data-id=\"dc75d9e\" data-element_type=\"widget\" data-widget_type=\"heading.default\">\n\t\t\t\t\t<h1 class=\"elementor-heading-title elementor-size-default\">\n\n<span style=\"color: #9802ba\"><span style=\"color: #9802ba\">O nama<\/span><\/h1>\t\t\t\t<\/div>\n\t\t\t\t\t<\/div>\n\t\t\t\t<\/div>\n\t\t<div class=\"elementor-element elementor-element-64ef882 e-grid e-con-boxed e-con e-parent\" data-id=\"64ef882\" data-element_type=\"container\" data-settings=\"{&quot;background_background&quot;:&quot;classic&quot;}\">\n\t\t\t\t\t<div class=\"e-con-inner\">\n\t\t\t\t<div class=\"elementor-element elementor-element-ff5f06e elementor-widget elementor-widget-text-editor\" data-id=\"ff5f06e\" data-element_type=\"widget\" data-widget_type=\"text-editor.default\">\n\t\t\t\t\t\t\t\t\t<p>Tra\u017eite li specijalistu stomatologa za digitalne usluge u Banjaluci?<br>Va\u0161a pretraga zavr\u0161ava ovdje!<\/p><p>CITY DENT je 20 godi\u0161nji specijalisti\u010dki centar sa timom koji je ponosan \u0161to pru\u017ea digitalne specijalisti\u010dke usluge ispravljanja zuba &#8211; alignerima &#8211; nevidljivim folijama &#8211; Smart Aligner Next Generation \u2013 SMAG,<br>ugradnje Straumann implantata i postavljanje bezmetalnih krunica i mostova<\/p><p>Iza na\u0161ih radova stoje imena na\u0161ih doktora, jer MI:<\/p><ul><li>slu\u0161amo da bi mogli do kraja da razumijemo Va\u0161 problem<\/li><li>pregledamo pacijente lupama kako bi preciznije uo\u010dili problem<\/li><li>skeniramo intraoralnim skenerom Va\u0161e zube<\/li><li>radimo digitalnu analizu nakon skeniranja<\/li><li>prezentujemo Vam najbolju opciju tretmana za Vas<\/li><li>odgovaramo na sva Va\u0161a pitanja<\/li><li>Vama dozvoljavamo da izaberete mogu\u0107nosti koje su Vama dostupne<\/li><\/ul><p>Posebno smo ponosni na na\u0161 proizvod Smart Aligner Next Generation \u2013 SMAG.<\/p><p>Nevidljive, prozirne, udobne folije ili udlage ili aparati\u0107e ili splintove kako god ih nazovete<br>za ispravljanje zuba koje kreirane od strane dr stom.spec ortodoncije Bojana Glamo\u010danina vode Va\u0161e zube na pravo mjesto u zubnom nizu, u cilju Va\u0161eg i na\u0161eg obostrano zadovoljnog osmjeha. <\/p><p>Razgovor prije tretmana je dogovor,<br>razgovor poslije tretmana opravdanje.<\/p>\t\t\t\t\t\t\t\t<\/div>\n\t\t\t\t<div class=\"elementor-element elementor-element-614b9fd elementor-widget elementor-widget-image\" data-id=\"614b9fd\" data-element_type=\"widget\" data-widget_type=\"image.default\">\n\t\t\t\t\t\t\t\t\t\t\t\t\t\t\t<img fetchpriority=\"high\" decoding=\"async\" width=\"1024\" height=\"684\" src=\"https:\/\/banjalukasmile.com\/wp-content\/uploads\/2025\/07\/20220824_224359-1024x684.jpg\" class=\"attachment-large size-large wp-image-1093\" alt=\"\" srcset=\"https:\/\/banjalukasmile.com\/wp-content\/uploads\/2025\/07\/20220824_224359-1024x684.jpg 1024w, https:\/\/banjalukasmile.com\/wp-content\/uploads\/2025\/07\/20220824_224359-300x200.jpg 300w, https:\/\/banjalukasmile.com\/wp-content\/uploads\/2025\/07\/20220824_224359-768x513.jpg 768w, https:\/\/banjalukasmile.com\/wp-content\/uploads\/2025\/07\/20220824_224359-1536x1026.jpg 1536w, https:\/\/banjalukasmile.com\/wp-content\/uploads\/2025\/07\/20220824_224359-2048x1368.jpg 2048w, https:\/\/banjalukasmile.com\/wp-content\/uploads\/2025\/07\/20220824_224359-600x401.jpg 600w\" sizes=\"(max-width: 1024px) 100vw, 1024px\" \/>\t\t\t\t\t\t\t\t\t\t\t\t\t\t\t<\/div>\n\t\t\t\t\t<\/div>\n\t\t\t\t<\/div>\n\t\t\t\t<\/div>\n\t\t","protected":false},"excerpt":{"rendered":"<p>O nama Tra\u017eite li specijalistu stomatologa za digitalne usluge u Banjaluci?Va\u0161a pretraga zavr\u0161ava ovdje! CITY DENT je 20 godi\u0161nji specijalisti\u010dki [&hellip;]<\/p>\n","protected":false},"author":1,"featured_media":0,"parent":0,"menu_order":6,"comment_status":"closed","ping_status":"closed","template":"elementor_header_footer","meta":{"site-sidebar-layout":"default","site-content-layout":"","ast-site-content-layout":"default","site-content-style":"default","site-sidebar-style":"default","ast-global-header-display":"","ast-banner-title-visibility":"","ast-main-header-display":"","ast-hfb-above-header-display":"","ast-hfb-below-header-display":"","ast-hfb-mobile-header-display":"","site-post-title":"","ast-breadcrumbs-content":"","ast-featured-img":"","footer-sml-layout":"","theme-transparent-header-meta":"","adv-header-id-meta":"","stick-header-meta":"","header-above-stick-meta":"","header-main-stick-meta":"","header-below-stick-meta":"","astra-migrate-meta-layouts":"default","ast-page-background-enabled":"default","ast-page-background-meta":{"desktop":{"background-color":"var(--ast-global-color-5)","background-image":"","background-repeat":"repeat","background-position":"center center","background-size":"auto","background-attachment":"scroll","background-type":"","background-media":"","overlay-type":"","overlay-color":"","overlay-opacity":"","overlay-gradient":""},"tablet":{"background-color":"","background-image":"","background-repeat":"repeat","background-position":"center center","background-size":"auto","background-attachment":"scroll","background-type":"","background-media":"","overlay-type":"","overlay-color":"","overlay-opacity":"","overlay-gradient":""},"mobile":{"background-color":"","background-image":"","background-repeat":"repeat","background-position":"center center","background-size":"auto","background-attachment":"scroll","background-type":"","background-media":"","overlay-type":"","overlay-color":"","overlay-opacity":"","overlay-gradient":""}},"ast-content-background-meta":{"desktop":{"background-color":"var(--ast-global-color-4)","background-image":"","background-repeat":"repeat","background-position":"center center","background-size":"auto","background-attachment":"scroll","background-type":"","background-media":"","overlay-type":"","overlay-color":"","overlay-opacity":"","overlay-gradient":""},"tablet":{"background-color":"var(--ast-global-color-4)","background-image":"","background-repeat":"repeat","background-position":"center center","background-size":"auto","background-attachment":"scroll","background-type":"","background-media":"","overlay-type":"","overlay-color":"","overlay-opacity":"","overlay-gradient":""},"mobile":{"background-color":"var(--ast-global-color-4)","background-image":"","background-repeat":"repeat","background-position":"center center","background-size":"auto","background-attachment":"scroll","background-type":"","background-media":"","overlay-type":"","overlay-color":"","overlay-opacity":"","overlay-gradient":""}},"iawp_total_views":25,"footnotes":""},"class_list":["post-1130","page","type-page","status-publish","hentry"],"_links":{"self":[{"href":"https:\/\/banjalukasmile.com\/bs\/wp-json\/wp\/v2\/pages\/1130","targetHints":{"allow":["GET"]}}],"collection":[{"href":"https:\/\/banjalukasmile.com\/bs\/wp-json\/wp\/v2\/pages"}],"about":[{"href":"https:\/\/banjalukasmile.com\/bs\/wp-json\/wp\/v2\/types\/page"}],"author":[{"embeddable":true,"href":"https:\/\/banjalukasmile.com\/bs\/wp-json\/wp\/v2\/users\/1"}],"replies":[{"embeddable":true,"href":"https:\/\/banjalukasmile.com\/bs\/wp-json\/wp\/v2\/comments?post=1130"}],"version-history":[{"count":5,"href":"https:\/\/banjalukasmile.com\/bs\/wp-json\/wp\/v2\/pages\/1130\/revisions"}],"predecessor-version":[{"id":2052,"href":"https:\/\/banjalukasmile.com\/bs\/wp-json\/wp\/v2\/pages\/1130\/revisions\/2052"}],"wp:attachment":[{"href":"https:\/\/banjalukasmile.com\/bs\/wp-json\/wp\/v2\/media?parent=1130"}],"curies":[{"name":"wp","href":"https:\/\/api.w.org\/{rel}","templated":true}]}}